{"id":666,"date":"2026-04-13T14:28:24","date_gmt":"2026-04-13T14:28:24","guid":{"rendered":"http:\/\/esae.fr\/votre-materiel\/"},"modified":"2026-04-13T14:28:24","modified_gmt":"2026-04-13T14:28:24","slug":"votre-materiel","status":"publish","type":"page","link":"https:\/\/www.esae.fr\/videobox\/boite_a_outils_video\/votre_materiel.html","title":{"rendered":"Votre Materiel"},"content":{"rendered":"<div style=\"text-align: center; \">\n<div style=\"margin-bottom: 0px; margin-left: auto; margin-right: auto; margin-top: 0px; overflow: hidden; position: relative; word-wrap: break-word;  background: rgb(0, 0, 0); text-align: left; width: 700px; \" id=\"body_content\">\n<div style=\"margin-left: 0px; position: relative; width: 700px; z-index: 0; \" id=\"nav_layer\">\n<div style=\"height: 0px; line-height: 0px; \" class=\"bumper\"> <\/div>\n<div class=\"com-apple-iweb-widget-navbar flowDefining\" id=\"widget0\" style=\"margin-left: 35px; margin-top: 0px; opacity: 1.00; position: relative; width: 630px; z-index: 1; \">\n<div id=\"widget0-navbar\" class=\"navbar\">\n<div id=\"widget0-bg\" class=\"navbar-bg\">\n<ul id=\"widget0-navbar-list\" class=\"navbar-list\">\n<li><\/li>\n<\/ul>\n<\/div>\n<\/div><\/div>\n<p>          <script type=\"text\/javascript\"><!--\/\/--><![CDATA[\/\/><!--\nnew NavBar('widget0', 'Scripts\/Widgets\/Navbar', 'Scripts\/Widgets\/SharedResources', '.', {\"path-to-root\": \"\", \"navbar-css\": \".navbar {\\n\\tfont-family: Arial, sans-serif;\\n\\tfont-size: 1em;\\n\\tcolor: #A1A1A1;\\n\\tmargin: 9px 0px 6px 0px;\\n\\tline-height: 30px;\\n}\\n\\n.navbar-bg {\\n\\ttext-align: center;\\n}\\n\\n.navbar-bg ul {\\n\\tlist-style: none;\\n\\tmargin: 0px;\\n\\tpadding: 0px;\\n}\\n\\n\\nli {\\n\\tlist-style-type: none;\\n\\tdisplay: inline;\\n\\tpadding: 0px 10px 0px 10px;\\n}\\n\\n\\nli a {\\n\\ttext-decoration: none;\\n\\tcolor: #A1A1A1;\\n}\\n\\nli a:visited {\\n\\ttext-decoration: none;\\n\\tcolor: #A1A1A1;\\n}\\n\\n\\nli a:hover\\n{\\n\\ttext-decoration: none;\\n \\tcolor: #eee;\\n}\\n\\n\\nli.current-page a\\n{\\n\\ttext-decoration: none;\\n\\t color: #fff;\\n\\tfont-weight: bold;\\n\\n}\", \"current-page-GUID\": \"5C4D240E-8DE2-4D5A-A83B-4D861FB79881\", \"isCollectionPage\": \"NO\"});\n\/\/--><!]]><\/script><\/p>\n<div style=\"clear: both; height: 0px; line-height: 0px; \" class=\"spacer\"> <\/div>\n<\/p><\/div>\n<div style=\"height: 73px; margin-left: 0px; position: relative; width: 700px; z-index: 10; \" id=\"header_layer\">\n<div style=\"height: 0px; line-height: 0px; \" class=\"bumper\"> <\/div>\n<div style=\"height: 1px; width: 630px;  height: 1px; left: 35px; position: absolute; top: 3px; width: 630px; z-index: 1; \" class=\"tinyText\">\n<div style=\"position: relative; width: 630px; \">\n            <\/div>\n<\/p><\/div>\n<div id=\"id1\" style=\"height: 50px; left: 35px; position: absolute; top: 23px; width: 630px; z-index: 1; \" class=\"style_SkipStroke shape-with-text\">\n<div class=\"text-content style_External_630_50\" style=\"padding: 0px; \">\n<div class=\"style\"><\/div>\n<\/p><\/div>\n<\/p><\/div>\n<div id=\"id2\" style=\"height: 50px; left: 35px; position: absolute; top: 23px; width: 630px; z-index: 1; \" class=\"style_SkipStroke shape-with-text\">\n<div class=\"text-content style_External_630_50\" style=\"padding: 0px; \">\n<div class=\"style\">\n<p style=\"padding-bottom: 0pt; padding-top: 0pt; \" class=\"Header\">Votre mat\u00e9riel<\/p>\n<\/p><\/div>\n<\/p><\/div>\n<\/p><\/div>\n<\/p><\/div>\n<div style=\"margin-left: 0px; position: relative; width: 700px; z-index: 5; \" id=\"body_layer\">\n<div style=\"height: 0px; line-height: 0px; \" class=\"bumper\"> <\/div>\n<div id=\"id3\" style=\"height: 280px; left: 55px; position: absolute; top: 58px; width: 590px; z-index: 1; \" class=\"style_SkipStroke_1 shape-with-text\">\n<div class=\"text-content graphic_textbox_layout_style_default_External_590_280\" style=\"padding: 0px; \">\n<div class=\"graphic_textbox_layout_style_default\">\n<p style=\"padding-top: 0pt; \" class=\"Body\"><span style=\"line-height: 25px; \" class=\"style_1\">        Vous poss\u00e9dez d\u00e9j\u00e0 du mat\u00e9riel, t\u00e9l\u00e9phone, appareille photo, cam\u00e9ra des parents qui permettent de faire des images. N&#8217;h\u00e9sitez pas \u00e0 les utiliser et \u00e0 vous plonger dans les notices d\u2019emplois. Il existe par exemple des logiciels pour t\u00e9l\u00e9phones portables qui permettent de mieux contr\u00f4ler l\u2019image et le son enregistr\u00e9 avec des r\u00e9sultas tr\u00e8s <br class=\"bcnukro8ch6ntpqpa\"\/><\/span><\/p>\n<p class=\"Body\"><span style=\"line-height: 25px; \" class=\"style_1\">int\u00e9ressants. <br class=\"bcnukro8ch6ntpqpa\"\/><\/span><\/p>\n<p class=\"Body\"><span style=\"line-height: 25px; \" class=\"style_1\"><br class=\"bcnukro8ch6ntpqpa\"\/><\/span><\/p>\n<p class=\"Body\"><span style=\"line-height: 25px; \" class=\"style_1\">        Si vous avez la possibilit\u00e9 d\u2019acheter du mat\u00e9riel, cam\u00e9ra ou appareil photo venez nous en parler. Nous pourrons vous aider \u00e0 d\u00e9finir les crit\u00e8res de choix techniques.<\/span><span style=\"line-height: 25px; \" class=\"style_2\"><br class=\"bcnukro8ch6ntpqpa\"\/><\/span><\/p>\n<\/p><\/div>\n<\/p><\/div>\n<\/p><\/div>\n<div id=\"id4\" style=\"height: 100px; left: 300px; position: absolute; top: 607px; width: 100px; z-index: 1; \" class=\"style_SkipStroke_1 shape-with-text\">\n<div class=\"text-content graphic_textbox_layout_style_default_External_100_100\" style=\"padding: 0px; \">\n<div class=\"graphic_textbox_layout_style_default\"><\/div>\n<\/p><\/div>\n<\/p><\/div>\n<div id=\"id5\" style=\"height: 100px; left: 170px; position: absolute; top: 947px; width: 100px; z-index: 1; \" class=\"style_SkipStroke_1 shape-with-text\">\n<div class=\"text-content graphic_textbox_layout_style_default_External_100_100\" style=\"padding: 0px; \">\n<div class=\"graphic_textbox_layout_style_default\"><\/div>\n<\/p><\/div>\n<\/p><\/div>\n<div id=\"id6\" style=\"height: 100px; left: 300px; position: absolute; top: 1407px; width: 100px; z-index: 1; \" class=\"style_SkipStroke_1 shape-with-text\">\n<div class=\"text-content graphic_textbox_layout_style_default_External_100_100\" style=\"padding: 0px; \">\n<div class=\"graphic_textbox_layout_style_default\"><\/div>\n<\/p><\/div>\n<\/p><\/div>\n<div id=\"id8\" style=\"height: 100px; left: 300px; position: absolute; top: 562px; width: 100px; z-index: 1; \" class=\"style_SkipStroke_1 shape-with-text\">\n<div class=\"text-content graphic_textbox_layout_style_default_External_100_100\" style=\"padding: 0px; \">\n<div class=\"graphic_textbox_layout_style_default\">\n<div class=\"paragraph Body\" style=\"padding-bottom: 0pt; padding-top: 0pt; \">\n<div id=\"id7\" style=\"height: 92px; position: relative; width: 92px; \" class=\"style_SkipStroke_1 shape-with-text inline-block\">\n<div class=\"text-content graphic_textbox_layout_style_default_External_92_92\" style=\"padding: 0px; \">\n<div class=\"graphic_textbox_layout_style_default\"><\/div>\n<\/div>\n<\/div>\n<\/div><\/div>\n<div style=\"clear: both; height: 0px; line-height: 0px; \" class=\"tinyText\"> <\/div>\n<\/p><\/div>\n<\/p><\/div>\n<div style=\"height: 1507px; line-height: 1507px; \" class=\"spacer\"> <\/div>\n<\/p><\/div>\n<div style=\"height: 150px; margin-left: 0px; position: relative; width: 700px; z-index: 15; \" id=\"footer_layer\">\n<div style=\"height: 0px; line-height: 0px; \" class=\"bumper\"> <\/div>\n<\/p><\/div>\n<\/p><\/div>\n<\/p><\/div>\n","protected":false,"raw":""},"excerpt":{"rendered":"<p>Votre mat\u00e9riel Vous poss\u00e9dez d\u00e9j\u00e0 du mat\u00e9riel, t\u00e9l\u00e9phone, appareille [&hellip;]<\/p>\n","protected":false},"author":0,"featured_media":0,"parent":0,"menu_order":0,"comment_status":"closed","ping_status":"closed","template":"template_7.php","meta":{"footnotes":""},"class_list":["post-666","page","type-page","status-publish","hentry"],"yoast_head":"<!-- This site is optimized with the Yoast SEO plugin v24.2 - https:\/\/yoast.com\/wordpress\/plugins\/seo\/ -->\n<title>Votre mat\u00e9riel<\/title>\n<meta name=\"robots\" content=\"index, follow, max-snippet:-1, max-image-preview:large, max-video-preview:-1\" \/>\n<link rel=\"canonical\" href=\"https:\/\/www.esae.fr\/videobox\/boite_a_outils_video\/votre_materiel.html\" \/>\n<meta property=\"og:type\" content=\"article\" \/>\n<meta property=\"og:title\" content=\"Votre mat\u00e9riel\" \/>\n<meta property=\"og:description\" content=\"Votre mat\u00e9riel Vous poss\u00e9dez d\u00e9j\u00e0 du mat\u00e9riel, t\u00e9l\u00e9phone, appareille [&hellip;]\" \/>\n<meta property=\"og:url\" content=\"https:\/\/www.esae.fr\/videobox\/boite_a_outils_video\/votre_materiel.html\" \/>\n<meta property=\"og:site_name\" content=\"ESAL - 2021\" \/>\n<meta name=\"twitter:card\" content=\"summary_large_image\" \/>\n<meta name=\"twitter:label1\" content=\"Est. reading time\" \/>\n\t<meta name=\"twitter:data1\" content=\"1 minute\" \/>\n<!-- \/ Yoast SEO plugin. -->","yoast_head_json":{"title":"Votre mat\u00e9riel","robots":{"index":"index","follow":"follow","max-snippet":"max-snippet:-1","max-image-preview":"max-image-preview:large","max-video-preview":"max-video-preview:-1"},"canonical":"https:\/\/www.esae.fr\/videobox\/boite_a_outils_video\/votre_materiel.html","og_type":"article","og_title":"Votre mat\u00e9riel","og_description":"Votre mat\u00e9riel Vous poss\u00e9dez d\u00e9j\u00e0 du mat\u00e9riel, t\u00e9l\u00e9phone, appareille [&hellip;]","og_url":"https:\/\/www.esae.fr\/videobox\/boite_a_outils_video\/votre_materiel.html","og_site_name":"ESAL - 2021","twitter_card":"summary_large_image","twitter_misc":{"Est. reading time":"1 minute"}},"_links":{"self":[{"href":"https:\/\/www.esae.fr\/index.php?rest_route=\/wp\/v2\/pages\/666","targetHints":{"allow":["GET"]}}],"collection":[{"href":"https:\/\/www.esae.fr\/index.php?rest_route=\/wp\/v2\/pages"}],"about":[{"href":"https:\/\/www.esae.fr\/index.php?rest_route=\/wp\/v2\/types\/page"}],"replies":[{"embeddable":true,"href":"https:\/\/www.esae.fr\/index.php?rest_route=%2Fwp%2Fv2%2Fcomments&post=666"}],"version-history":[{"count":0,"href":"https:\/\/www.esae.fr\/index.php?rest_route=\/wp\/v2\/pages\/666\/revisions"}],"wp:attachment":[{"href":"https:\/\/www.esae.fr\/index.php?rest_route=%2Fwp%2Fv2%2Fmedia&parent=666"}],"curies":[{"name":"wp","href":"https:\/\/api.w.org\/{rel}","templated":true}]}}