{"id":663,"date":"2026-04-13T14:28:24","date_gmt":"2026-04-13T14:28:24","guid":{"rendered":"http:\/\/esae.fr\/reglages-logiciels\/"},"modified":"2026-04-13T14:28:24","modified_gmt":"2026-04-13T14:28:24","slug":"reglages-logiciels","status":"publish","type":"page","link":"https:\/\/www.esae.fr\/videobox\/boite_a_outils_video\/reglages_logiciels.html","title":{"rendered":"Reglages Logiciels"},"content":{"rendered":"<div style=\"text-align: center; \">\n<div style=\"margin-bottom: 0px; margin-left: auto; margin-right: auto; margin-top: 0px; overflow: hidden; position: relative; word-wrap: break-word;  background: rgb(0, 0, 0); text-align: left; width: 700px; \" id=\"body_content\">\n<div style=\"margin-left: 0px; position: relative; width: 700px; z-index: 0; \" id=\"nav_layer\">\n<div style=\"height: 0px; line-height: 0px; \" class=\"bumper\"> <\/div>\n<div class=\"com-apple-iweb-widget-navbar flowDefining\" id=\"widget0\" style=\"margin-left: 35px; margin-top: 0px; opacity: 1.00; position: relative; width: 630px; z-index: 1; \">\n<div id=\"widget0-navbar\" class=\"navbar\">\n<div id=\"widget0-bg\" class=\"navbar-bg\">\n<ul id=\"widget0-navbar-list\" class=\"navbar-list\">\n<li><\/li>\n<\/ul>\n<\/div>\n<\/div><\/div>\n<p>          <script type=\"text\/javascript\"><!--\/\/--><![CDATA[\/\/><!--\nnew NavBar('widget0', 'Scripts\/Widgets\/Navbar', 'Scripts\/Widgets\/SharedResources', '.', {\"path-to-root\": \"\", \"navbar-css\": \".navbar {\\n\\tfont-family: Arial, sans-serif;\\n\\tfont-size: 1em;\\n\\tcolor: #A1A1A1;\\n\\tmargin: 9px 0px 6px 0px;\\n\\tline-height: 30px;\\n}\\n\\n.navbar-bg {\\n\\ttext-align: center;\\n}\\n\\n.navbar-bg ul {\\n\\tlist-style: none;\\n\\tmargin: 0px;\\n\\tpadding: 0px;\\n}\\n\\n\\nli {\\n\\tlist-style-type: none;\\n\\tdisplay: inline;\\n\\tpadding: 0px 10px 0px 10px;\\n}\\n\\n\\nli a {\\n\\ttext-decoration: none;\\n\\tcolor: #A1A1A1;\\n}\\n\\nli a:visited {\\n\\ttext-decoration: none;\\n\\tcolor: #A1A1A1;\\n}\\n\\n\\nli a:hover\\n{\\n\\ttext-decoration: none;\\n \\tcolor: #eee;\\n}\\n\\n\\nli.current-page a\\n{\\n\\ttext-decoration: none;\\n\\t color: #fff;\\n\\tfont-weight: bold;\\n\\n}\", \"current-page-GUID\": \"0F0CFFA1-DED2-4745-A5CD-B6E7977FB07A\", \"isCollectionPage\": \"NO\"});\n\/\/--><!]]><\/script><\/p>\n<div style=\"clear: both; height: 0px; line-height: 0px; \" class=\"spacer\"> <\/div>\n<\/p><\/div>\n<div style=\"height: 73px; margin-left: 0px; position: relative; width: 700px; z-index: 10; \" id=\"header_layer\">\n<div style=\"height: 0px; line-height: 0px; \" class=\"bumper\"> <\/div>\n<div id=\"id1\" style=\"height: 50px; left: 35px; position: absolute; top: 23px; width: 630px; z-index: 1; \" class=\"style_SkipStroke shape-with-text\">\n<div class=\"text-content style_External_630_50\" style=\"padding: 0px; \">\n<div class=\"style\">\n<p style=\"padding-bottom: 0pt; padding-top: 0pt; \" class=\"Header\">R\u00e9glages logiciels de montage<\/p>\n<\/p><\/div>\n<\/p><\/div>\n<\/p><\/div>\n<div style=\"height: 1px; width: 630px;  height: 1px; left: 35px; position: absolute; top: 83px; width: 630px; z-index: 1; \" class=\"tinyText\">\n<div style=\"position: relative; width: 630px; \">\n            <\/div>\n<\/p><\/div>\n<\/p><\/div>\n<div style=\"margin-left: 0px; position: relative; width: 700px; z-index: 5; \" id=\"body_layer\">\n<div style=\"height: 0px; line-height: 0px; \" class=\"bumper\"> <\/div>\n<div id=\"id2\" style=\"height: 107px; left: 34px; position: absolute; top: 20px; width: 633px; z-index: 1; \" class=\"style_SkipStroke_1 shape-with-text\">\n<div class=\"text-content graphic_textbox_layout_style_default_External_633_107\" style=\"padding: 0px; \">\n<div class=\"graphic_textbox_layout_style_default\">\n<p style=\"padding-top: 0pt; \" class=\"paragraph_style\"><span class=\"style_1\">Avant de travailler sur un logiciel de montage , il est important  de v\u00e9rifier que tout est correctement param\u00e8tr\u00e9. Vous risquez sans cela de perdre beaucoup de temps voir de perdre tout votre travail.<\/span><br class=\"bcnukro8ch6ntpqpa\"\/><\/p>\n<\/p><\/div>\n<\/p><\/div>\n<\/p><\/div>\n<div id=\"id3\" style=\"height: 109px; left: 218px; position: absolute; top: 267px; width: 264px; z-index: 1; \" class=\"style_SkipStroke_1 shape-with-text\">\n<div class=\"text-content graphic_textbox_layout_style_default_External_264_109\" style=\"padding: 0px; \">\n<div class=\"graphic_textbox_layout_style_default\">\n<ol>\n<li style=\"line-height: 20px; padding-left: 20px; text-indent: -20px; \" class=\"full-width\" value=\"1\">\n<p style=\"padding-top: 0pt; text-indent: -20px; \" class=\"paragraph_style_1\"><span style=\"font-size: 15px; \" class=\"Puce\">1.<\/span><span style=\"width: 7px; \" class=\"inline-block\">&nbsp;<\/span><a title=\"Pre-reglages_FCP7.html\" href=\"https:\/\/www.esae.fr\/videobox\/boite_a_outils_video\/pre-reglages_fcp7.html\">Final Cut Pro 7 pr\u00e9-r\u00e9glages<\/a><br class=\"bcnukro8ch6ntpqpa\"\/><\/p>\n<\/li>\n<li style=\"line-height: 20px; padding-left: 20px; text-indent: -20px; \" class=\"full-width\" value=\"2\">\n<p style=\"text-indent: -20px; \" class=\"paragraph_style_1\"><span style=\"font-size: 15px; \" class=\"Puce\">2.<\/span><span style=\"width: 7px; \" class=\"inline-block\">&nbsp;<\/span><a title=\"reglages_FCP7.html\" href=\"https:\/\/www.esae.fr\/videobox\/boite_a_outils_video\/reglages_fcp7.html\">Final Cut Pro 7 r\u00e9glages<\/a><br class=\"bcnukro8ch6ntpqpa\"\/><\/p>\n<\/li>\n<li style=\"line-height: 20px; padding-left: 20px; text-indent: -20px; \" class=\"full-width\" value=\"3\">\n<p style=\"text-indent: -20px; \" class=\"paragraph_style_1\"><span style=\"font-size: 15px; \" class=\"Puce\">3.<\/span><span style=\"width: 7px; \" class=\"inline-block\">&nbsp;<\/span>Final Cut Pro X<br class=\"bcnukro8ch6ntpqpa\"\/><\/p>\n<\/li>\n<li style=\"line-height: 20px; padding-left: 20px; text-indent: -20px; \" class=\"full-width\" value=\"4\">\n<p style=\"text-indent: -20px; \" class=\"paragraph_style_1\"><span style=\"font-size: 15px; \" class=\"Puce\">4.<\/span><span style=\"width: 7px; \" class=\"inline-block\">&nbsp;<\/span><a title=\"reglages_premiere.html\" href=\"https:\/\/www.esae.fr\/videobox\/boite_a_outils_video\/reglages_premiere.html\">Adobe Premi\u00e8re CS6<\/a><br class=\"bcnukro8ch6ntpqpa\"\/><\/p>\n<\/li>\n<li style=\"line-height: 20px; padding-left: 20px; text-indent: -20px; \" class=\"full-width\" value=\"5\">\n<p style=\"padding-bottom: 0pt; text-indent: -20px; \" class=\"paragraph_style_1\"><span style=\"font-size: 15px; \" class=\"Puce\">5.<\/span><span style=\"width: 7px; \" class=\"inline-block\">&nbsp;<\/span>Adobe After Effect<\/p>\n<\/li>\n<\/ol><\/div>\n<\/p><\/div>\n<\/p><\/div>\n<div id=\"id4\" style=\"height: 89px; left: 39px; position: absolute; top: 146px; width: 625px; z-index: 1; \" class=\"style_SkipStroke_1 shape-with-text\">\n<div class=\"text-content graphic_textbox_layout_style_default_External_625_89\" style=\"padding: 0px; \">\n<div class=\"graphic_textbox_layout_style_default\">\n<p style=\"padding-bottom: 0pt; padding-top: 0pt; \" class=\"Body\">    Les logiciels de montage fonctionnent avec des fichiers li\u00e9s. Ainsi, si vous devez d\u00e9placer un projet d\u2019un ordinateur \u00e0 l\u2019autre, vous devrez d\u00e9placer le fichier projet avec les fichiers li\u00e9s (vid\u00e9o, audio images).<\/p>\n<\/p><\/div>\n<\/p><\/div>\n<\/p><\/div>\n<div id=\"id5\" style=\"height: 100px; left: 55px; position: absolute; top: 1039px; width: 100px; z-index: 1; \" class=\"style_SkipStroke_1 shape-with-text\">\n<div class=\"text-content graphic_textbox_layout_style_default_External_100_100\" style=\"padding: 0px; \">\n<div class=\"graphic_textbox_layout_style_default\">\n<p style=\"padding-bottom: 0pt; padding-top: 0pt; \" class=\"Body\">_<\/p>\n<\/p><\/div>\n<\/p><\/div>\n<\/p><\/div>\n<div style=\"height: 508px; width: 357px;  height: 508px; left: 173px; position: absolute; top: 426px; width: 357px; z-index: 1; \" class=\"tinyText reflection_0\">\n<div style=\"position: relative; width: 357px; \">\n            <\/div>\n<\/p><\/div>\n<div style=\"height: 1139px; line-height: 1139px; \" class=\"spacer\"> <\/div>\n<\/p><\/div>\n<div style=\"height: 150px; margin-left: 0px; position: relative; width: 700px; z-index: 15; \" id=\"footer_layer\">\n<div style=\"height: 0px; line-height: 0px; \" class=\"bumper\"> <\/div>\n<\/p><\/div>\n<\/p><\/div>\n<\/p><\/div>\n","protected":false,"raw":""},"excerpt":{"rendered":"<p>R\u00e9glages logiciels de montage Avant de travailler sur un [&hellip;]<\/p>\n","protected":false},"author":0,"featured_media":0,"parent":0,"menu_order":0,"comment_status":"closed","ping_status":"closed","template":"template_7.php","meta":{"footnotes":""},"class_list":["post-663","page","type-page","status-publish","hentry"],"yoast_head":"<!-- This site is optimized with the Yoast SEO plugin v24.2 - https:\/\/yoast.com\/wordpress\/plugins\/seo\/ -->\n<title>R\u00e9glages logiciels de montage<\/title>\n<meta name=\"robots\" content=\"index, follow, max-snippet:-1, max-image-preview:large, max-video-preview:-1\" \/>\n<link rel=\"canonical\" href=\"https:\/\/www.esae.fr\/videobox\/boite_a_outils_video\/reglages_logiciels.html\" \/>\n<meta property=\"og:type\" content=\"article\" \/>\n<meta property=\"og:title\" content=\"R\u00e9glages logiciels de montage\" \/>\n<meta property=\"og:description\" content=\"R\u00e9glages logiciels de montage Avant de travailler sur un [&hellip;]\" \/>\n<meta property=\"og:url\" content=\"https:\/\/www.esae.fr\/videobox\/boite_a_outils_video\/reglages_logiciels.html\" \/>\n<meta property=\"og:site_name\" content=\"ESAL - 2021\" \/>\n<meta name=\"twitter:card\" content=\"summary_large_image\" \/>\n<meta name=\"twitter:label1\" content=\"Est. reading time\" \/>\n\t<meta name=\"twitter:data1\" content=\"1 minute\" \/>\n<!-- \/ Yoast SEO plugin. -->","yoast_head_json":{"title":"R\u00e9glages logiciels de montage","robots":{"index":"index","follow":"follow","max-snippet":"max-snippet:-1","max-image-preview":"max-image-preview:large","max-video-preview":"max-video-preview:-1"},"canonical":"https:\/\/www.esae.fr\/videobox\/boite_a_outils_video\/reglages_logiciels.html","og_type":"article","og_title":"R\u00e9glages logiciels de montage","og_description":"R\u00e9glages logiciels de montage Avant de travailler sur un [&hellip;]","og_url":"https:\/\/www.esae.fr\/videobox\/boite_a_outils_video\/reglages_logiciels.html","og_site_name":"ESAL - 2021","twitter_card":"summary_large_image","twitter_misc":{"Est. reading time":"1 minute"}},"_links":{"self":[{"href":"https:\/\/www.esae.fr\/index.php?rest_route=\/wp\/v2\/pages\/663","targetHints":{"allow":["GET"]}}],"collection":[{"href":"https:\/\/www.esae.fr\/index.php?rest_route=\/wp\/v2\/pages"}],"about":[{"href":"https:\/\/www.esae.fr\/index.php?rest_route=\/wp\/v2\/types\/page"}],"replies":[{"embeddable":true,"href":"https:\/\/www.esae.fr\/index.php?rest_route=%2Fwp%2Fv2%2Fcomments&post=663"}],"version-history":[{"count":0,"href":"https:\/\/www.esae.fr\/index.php?rest_route=\/wp\/v2\/pages\/663\/revisions"}],"wp:attachment":[{"href":"https:\/\/www.esae.fr\/index.php?rest_route=%2Fwp%2Fv2%2Fmedia&parent=663"}],"curies":[{"name":"wp","href":"https:\/\/api.w.org\/{rel}","templated":true}]}}