{"id":662,"date":"2026-04-13T14:28:24","date_gmt":"2026-04-13T14:28:24","guid":{"rendered":"http:\/\/esae.fr\/reglages-fcp7\/"},"modified":"2026-04-13T14:28:24","modified_gmt":"2026-04-13T14:28:24","slug":"reglages-fcp7","status":"publish","type":"page","link":"https:\/\/www.esae.fr\/videobox\/boite_a_outils_video\/reglages_fcp7.html","title":{"rendered":"Reglages Fcp7"},"content":{"rendered":"<div style=\"text-align: center; \">\n<div style=\"margin-bottom: 0px; margin-left: auto; margin-right: auto; margin-top: 0px; overflow: hidden; position: relative; word-wrap: break-word;  background: rgb(0, 0, 0); text-align: left; width: 700px; \" id=\"body_content\">\n<div style=\"margin-left: 0px; position: relative; width: 700px; z-index: 0; \" id=\"nav_layer\">\n<div style=\"height: 0px; line-height: 0px; \" class=\"bumper\"> <\/div>\n<div class=\"com-apple-iweb-widget-navbar flowDefining\" id=\"widget0\" style=\"margin-left: 35px; margin-top: 0px; opacity: 1.00; position: relative; width: 630px; z-index: 1; \">\n<div id=\"widget0-navbar\" class=\"navbar\">\n<div id=\"widget0-bg\" class=\"navbar-bg\">\n<ul id=\"widget0-navbar-list\" class=\"navbar-list\">\n<li><\/li>\n<\/ul>\n<\/div>\n<\/div><\/div>\n<p>          <script type=\"text\/javascript\"><!--\/\/--><![CDATA[\/\/><!--\nnew NavBar('widget0', 'Scripts\/Widgets\/Navbar', 'Scripts\/Widgets\/SharedResources', '.', {\"path-to-root\": \"\", \"navbar-css\": \".navbar {\\n\\tfont-family: Arial, sans-serif;\\n\\tfont-size: 1em;\\n\\tcolor: #A1A1A1;\\n\\tmargin: 9px 0px 6px 0px;\\n\\tline-height: 30px;\\n}\\n\\n.navbar-bg {\\n\\ttext-align: center;\\n}\\n\\n.navbar-bg ul {\\n\\tlist-style: none;\\n\\tmargin: 0px;\\n\\tpadding: 0px;\\n}\\n\\n\\nli {\\n\\tlist-style-type: none;\\n\\tdisplay: inline;\\n\\tpadding: 0px 10px 0px 10px;\\n}\\n\\n\\nli a {\\n\\ttext-decoration: none;\\n\\tcolor: #A1A1A1;\\n}\\n\\nli a:visited {\\n\\ttext-decoration: none;\\n\\tcolor: #A1A1A1;\\n}\\n\\n\\nli a:hover\\n{\\n\\ttext-decoration: none;\\n \\tcolor: #eee;\\n}\\n\\n\\nli.current-page a\\n{\\n\\ttext-decoration: none;\\n\\t color: #fff;\\n\\tfont-weight: bold;\\n\\n}\", \"current-page-GUID\": \"369C1CCB-599A-4155-8ACD-D2CCAD16D15E\", \"isCollectionPage\": \"NO\"});\n\/\/--><!]]><\/script><\/p>\n<div style=\"clear: both; height: 0px; line-height: 0px; \" class=\"spacer\"> <\/div>\n<\/p><\/div>\n<div style=\"height: 73px; margin-left: 0px; position: relative; width: 700px; z-index: 10; \" id=\"header_layer\">\n<div style=\"height: 0px; line-height: 0px; \" class=\"bumper\"> <\/div>\n<div id=\"id1\" style=\"height: 50px; left: 35px; position: absolute; top: 23px; width: 630px; z-index: 1; \" class=\"style_SkipStroke shape-with-text\">\n<div class=\"text-content style_External_630_50\" style=\"padding: 0px; \">\n<div class=\"style\">\n<p style=\"padding-bottom: 0pt; padding-top: 0pt; \" class=\"Header\">R\u00e9glages FCP 7<\/p>\n<\/p><\/div>\n<\/p><\/div>\n<\/p><\/div>\n<div style=\"height: 1px; width: 630px;  height: 1px; left: 35px; position: absolute; top: 83px; width: 630px; z-index: 1; \" class=\"tinyText\">\n<div style=\"position: relative; width: 630px; \">\n            <\/div>\n<\/p><\/div>\n<\/p><\/div>\n<div style=\"margin-left: 0px; position: relative; width: 700px; z-index: 5; \" id=\"body_layer\">\n<div style=\"height: 0px; line-height: 0px; \" class=\"bumper\"> <\/div>\n<div id=\"id2\" style=\"height: 61px; left: 35px; position: absolute; top: 1158px; width: 629px; z-index: 1; \" class=\"style_SkipStroke_1 shape-with-text\">\n<div class=\"text-content graphic_textbox_layout_style_default_External_629_61\" style=\"padding: 0px; \">\n<div class=\"graphic_textbox_layout_style_default\">\n<ol>\n<li style=\"line-height: 18px; padding-left: 0px; text-indent: 0px; \" class=\"full-width\" value=\"1\">\n<p style=\"padding-top: 0pt; text-indent: 0px; \" class=\"paragraph_style\"><span style=\"font-size: 13px; \" class=\"Puce\">1.<\/span>V\u00e9rifiez qu\u2019aucun autre projet n\u2019est ouvert. Si c\u2019est le cas fermez le.<br class=\"bcnukro8ch6ntpqpa\"\/><\/p>\n<\/li>\n<li style=\"line-height: 18px; padding-left: 0px; text-indent: 0px; \" class=\"full-width\" value=\"2\">\n<p style=\"padding-bottom: 0pt; text-indent: 0px; \" class=\"paragraph_style\"><span style=\"font-size: 13px; \" class=\"Puce\">2.<\/span>cr\u00e9ez un nouveau projet en cliquant : \u00ab Fichier \u00bb &gt; \u00ab Nouveau projet \u00bb et cliquez \u00ab Ok \u00bb sur la premi\u00e8re fen\u00eatre qui s\u2019ouvre<\/p>\n<\/li>\n<\/ol><\/div>\n<\/p><\/div>\n<\/p><\/div>\n<div style=\"height: 300px; width: 534px;  height: 300px; left: 83px; position: absolute; top: 1250px; width: 534px; z-index: 1; \" class=\"tinyText reflection_0\">\n<div style=\"position: relative; width: 534px; \">\n            <\/div>\n<\/p><\/div>\n<div style=\"height: 192px; width: 450px;  height: 192px; left: 125px; position: absolute; top: 1660px; width: 450px; z-index: 1; \" class=\"tinyText reflection_1\">\n<div style=\"position: relative; width: 450px; \">\n            <\/div>\n<\/p><\/div>\n<div id=\"id3\" style=\"height: 100px; left: 300px; position: absolute; top: 232px; width: 100px; z-index: 1; \" class=\"style_SkipStroke_1 shape-with-text\">\n<div class=\"text-content graphic_textbox_layout_style_default_External_100_100\" style=\"padding: 0px; \">\n<div class=\"graphic_textbox_layout_style_default\"><\/div>\n<\/p><\/div>\n<\/p><\/div>\n<div id=\"id4\" style=\"height: 52px; left: 58px; position: absolute; top: 20px; width: 604px; z-index: 1; \" class=\"style_SkipStroke_1 shape-with-text\">\n<div class=\"text-content graphic_textbox_layout_style_default_External_604_52\" style=\"padding: 0px; \">\n<div class=\"graphic_textbox_layout_style_default\">\n<p style=\"padding-top: 0pt; \" class=\"paragraph_style_1\"><span class=\"style_1\">Cr\u00e9ation du projet<\/span> <br class=\"bcnukro8ch6ntpqpa\"\/><\/p>\n<\/p><\/div>\n<\/p><\/div>\n<\/p><\/div>\n<div style=\"height: 49px; width: 95px;  height: 45px; left: 582px; position: absolute; top: 1482px; width: 93px; z-index: 1; \" class=\"tinyText\">\n<div style=\"position: relative; width: 93px; \">\n            <\/div>\n<\/p><\/div>\n<div id=\"id5\" style=\"height: 43px; left: 35px; position: absolute; top: 1578px; width: 629px; z-index: 1; \" class=\"style_SkipStroke_1 shape-with-text\">\n<div class=\"text-content graphic_textbox_layout_style_default_External_629_43\" style=\"padding: 0px; \">\n<div class=\"graphic_textbox_layout_style_default\">\n<ol>\n<li style=\"line-height: 18px; padding-left: 0px; text-indent: 0px; \" class=\"full-width\" value=\"3\">\n<p style=\"padding-top: 0pt; text-indent: 0px; \" class=\"paragraph_style_2\"><span style=\"font-size: 13px; \" class=\"Puce\">3.<\/span> Dans la deuxi\u00e8me fen\u00eatre : \u00abS\u00e9lectionner pr\u00e9r\u00e9glage de s\u00e9quence\u00bb choisissez :<br class=\"bcnukro8ch6ntpqpa\"\/><\/p>\n<\/li>\n<\/ol>\n<p style=\"padding-bottom: 0pt; \" class=\"paragraph_style_3\">\u00ab <span class=\"style_2\">Apple ProRes 422 1920&#215;1080 25P 48Khz<\/span> \u00bb ou \u00ab <span class=\"style_2\">Apple ProRes 422 1920&#215;1080 50i 48Khz<\/span> \u00bb<\/p>\n<\/p><\/div>\n<\/p><\/div>\n<\/p><\/div>\n<div id=\"id6\" style=\"height: 100px; left: 300px; position: absolute; top: 291px; width: 100px; z-index: 1; \" class=\"style_SkipStroke_1 shape-with-text\">\n<div class=\"text-content graphic_textbox_layout_style_default_External_100_100\" style=\"padding: 0px; \">\n<div class=\"graphic_textbox_layout_style_default\"><\/div>\n<\/p><\/div>\n<\/p><\/div>\n<div id=\"id8\" style=\"height: 100px; left: 310px; position: absolute; top: 301px; width: 100px; z-index: 1; \" class=\"style_SkipStroke_1 shape-with-text\">\n<div class=\"text-content graphic_textbox_layout_style_default_External_100_100\" style=\"padding: 0px; \">\n<div class=\"graphic_textbox_layout_style_default\">\n<div class=\"paragraph Body\" style=\"padding-bottom: 0pt; padding-top: 0pt; \">\n<div id=\"id7\" style=\"height: 92px; position: relative; width: 92px; \" class=\"style_SkipStroke_1 shape-with-text inline-block\">\n<div class=\"text-content graphic_textbox_layout_style_default_External_92_92\" style=\"padding: 0px; \">\n<div class=\"graphic_textbox_layout_style_default\"><\/div>\n<\/div>\n<\/div>\n<\/div><\/div>\n<div style=\"clear: both; height: 0px; line-height: 0px; \" class=\"tinyText\"> <\/div>\n<\/p><\/div>\n<\/p><\/div>\n<div id=\"id10\" style=\"height: 100px; left: 320px; position: absolute; top: 311px; width: 100px; z-index: 1; \" class=\"style_SkipStroke_1 shape-with-text\">\n<div class=\"text-content graphic_textbox_layout_style_default_External_100_100\" style=\"padding: 0px; \">\n<div class=\"graphic_textbox_layout_style_default\">\n<div class=\"paragraph Body\" style=\"padding-bottom: 0pt; padding-top: 0pt; \">\n<div id=\"id9\" style=\"height: 92px; position: relative; width: 92px; \" class=\"style_SkipStroke_1 shape-with-text inline-block\">\n<div class=\"text-content graphic_textbox_layout_style_default_External_92_92\" style=\"padding: 0px; \">\n<div class=\"graphic_textbox_layout_style_default\"><\/div>\n<\/div>\n<\/div>\n<\/div><\/div>\n<div style=\"clear: both; height: 0px; line-height: 0px; \" class=\"tinyText\"> <\/div>\n<\/p><\/div>\n<\/p><\/div>\n<div id=\"id11\" style=\"height: 43px; left: 35px; position: absolute; top: 1921px; width: 629px; z-index: 1; \" class=\"style_SkipStroke_1 shape-with-text\">\n<div class=\"text-content graphic_textbox_layout_style_default_External_629_43\" style=\"padding: 0px; \">\n<div class=\"graphic_textbox_layout_style_default\">\n<p style=\"padding-top: 0pt; \" class=\"paragraph_style_4\">Sauvegardez d\u00e9s maintenant votre projet.<br class=\"bcnukro8ch6ntpqpa\"\/><\/p>\n<p style=\"padding-bottom: 0pt; \" class=\"paragraph_style_3\">Vous pouvez maintenant commencer \u00e0 importer vos fichiers et monter.<\/p>\n<\/p><\/div>\n<\/p><\/div>\n<\/p><\/div>\n<div style=\"height: 368px; width: 530px;  height: 368px; left: 85px; position: absolute; top: 158px; width: 530px; z-index: 1; \" class=\"tinyText reflection_2\">\n<div style=\"position: relative; width: 530px; \">\n            <\/div>\n<\/p><\/div>\n<div style=\"height: 93px; width: 83px;  height: 91px; left: 236px; position: absolute; top: 143px; width: 81px; z-index: 1; \" class=\"tinyText\">\n<div style=\"position: relative; width: 81px; \">\n            <\/div>\n<\/p><\/div>\n<div id=\"id12\" style=\"height: 43px; left: 35px; position: absolute; top: 96px; width: 629px; z-index: 1; \" class=\"style_SkipStroke_1 shape-with-text\">\n<div class=\"text-content graphic_textbox_layout_style_default_External_629_43\" style=\"padding: 0px; \">\n<div class=\"graphic_textbox_layout_style_default\">\n<p style=\"padding-bottom: 0pt; padding-top: 0pt; \" class=\"paragraph_style_5\">Dans la barre des menus : cliquez sur \u00abFichier\u00bb &gt; \u00abR\u00e9glages syst\u00e8me\u00bb et choisissez votre disque de travail.<\/p>\n<\/p><\/div>\n<\/p><\/div>\n<\/p><\/div>\n<div style=\"height: 333px; width: 529px;  height: 333px; left: 85px; position: absolute; top: 661px; width: 529px; z-index: 1; \" class=\"tinyText reflection_3\">\n<div style=\"position: relative; width: 529px; \">\n            <\/div>\n<\/p><\/div>\n<div id=\"id13\" style=\"height: 41px; left: 35px; position: absolute; top: 606px; width: 629px; z-index: 1; \" class=\"style_SkipStroke_1 shape-with-text\">\n<div class=\"text-content graphic_textbox_layout_style_default_External_629_41\" style=\"padding: 0px; \">\n<div class=\"graphic_textbox_layout_style_default\">\n<p style=\"padding-bottom: 0pt; padding-top: 0pt; \" class=\"paragraph_style_5\">Cr\u00e9ez le dossier<span class=\"style_2\"> sur votre disque dur externe<\/span> qui contiendra tous les \u00e9l\u00e9ments de votre projet.<\/p>\n<\/p><\/div>\n<\/p><\/div>\n<\/p><\/div>\n<div id=\"id14\" style=\"height: 100px; left: 310px; position: absolute; top: 2244px; width: 100px; z-index: 1; \" class=\"style_SkipStroke_1 shape-with-text\">\n<div class=\"text-content graphic_textbox_layout_style_default_External_100_100\" style=\"padding: 0px; \">\n<div class=\"graphic_textbox_layout_style_default\"><\/div>\n<\/p><\/div>\n<\/p><\/div>\n<div style=\"height: 150px; width: 200px;  height: 150px; left: 260px; position: absolute; top: 2059px; width: 200px; z-index: 1; \" class=\"tinyText style_SkipStroke_2\">\n          <\/div>\n<div style=\"height: 2344px; line-height: 2344px; \" class=\"spacer\"> <\/div>\n<\/p><\/div>\n<div style=\"height: 150px; margin-left: 0px; position: relative; width: 700px; z-index: 15; \" id=\"footer_layer\">\n<div style=\"height: 0px; line-height: 0px; \" class=\"bumper\"> <\/div>\n<\/p><\/div>\n<\/p><\/div>\n<\/p><\/div>\n","protected":false,"raw":""},"excerpt":{"rendered":"<p>R\u00e9glages FCP 7 1.V\u00e9rifiez qu\u2019aucun autre projet n\u2019est ouvert. [&hellip;]<\/p>\n","protected":false},"author":0,"featured_media":0,"parent":0,"menu_order":0,"comment_status":"closed","ping_status":"closed","template":"template_7.php","meta":{"footnotes":""},"class_list":["post-662","page","type-page","status-publish","hentry"],"yoast_head":"<!-- This site is optimized with the Yoast SEO plugin v24.2 - https:\/\/yoast.com\/wordpress\/plugins\/seo\/ -->\n<title>R\u00e9glages FCP 7<\/title>\n<meta name=\"robots\" content=\"index, follow, max-snippet:-1, max-image-preview:large, max-video-preview:-1\" \/>\n<link rel=\"canonical\" href=\"https:\/\/www.esae.fr\/videobox\/boite_a_outils_video\/reglages_fcp7.html\" \/>\n<meta property=\"og:type\" content=\"article\" \/>\n<meta property=\"og:title\" content=\"R\u00e9glages FCP 7\" \/>\n<meta property=\"og:description\" content=\"R\u00e9glages FCP 7 1.V\u00e9rifiez qu\u2019aucun autre projet n\u2019est ouvert. [&hellip;]\" \/>\n<meta property=\"og:url\" content=\"https:\/\/www.esae.fr\/videobox\/boite_a_outils_video\/reglages_fcp7.html\" \/>\n<meta property=\"og:site_name\" content=\"ESAL - 2021\" \/>\n<meta name=\"twitter:card\" content=\"summary_large_image\" \/>\n<meta name=\"twitter:label1\" content=\"Est. reading time\" \/>\n\t<meta name=\"twitter:data1\" content=\"1 minute\" \/>\n<!-- \/ Yoast SEO plugin. -->","yoast_head_json":{"title":"R\u00e9glages FCP 7","robots":{"index":"index","follow":"follow","max-snippet":"max-snippet:-1","max-image-preview":"max-image-preview:large","max-video-preview":"max-video-preview:-1"},"canonical":"https:\/\/www.esae.fr\/videobox\/boite_a_outils_video\/reglages_fcp7.html","og_type":"article","og_title":"R\u00e9glages FCP 7","og_description":"R\u00e9glages FCP 7 1.V\u00e9rifiez qu\u2019aucun autre projet n\u2019est ouvert. [&hellip;]","og_url":"https:\/\/www.esae.fr\/videobox\/boite_a_outils_video\/reglages_fcp7.html","og_site_name":"ESAL - 2021","twitter_card":"summary_large_image","twitter_misc":{"Est. reading time":"1 minute"}},"_links":{"self":[{"href":"https:\/\/www.esae.fr\/index.php?rest_route=\/wp\/v2\/pages\/662","targetHints":{"allow":["GET"]}}],"collection":[{"href":"https:\/\/www.esae.fr\/index.php?rest_route=\/wp\/v2\/pages"}],"about":[{"href":"https:\/\/www.esae.fr\/index.php?rest_route=\/wp\/v2\/types\/page"}],"replies":[{"embeddable":true,"href":"https:\/\/www.esae.fr\/index.php?rest_route=%2Fwp%2Fv2%2Fcomments&post=662"}],"version-history":[{"count":0,"href":"https:\/\/www.esae.fr\/index.php?rest_route=\/wp\/v2\/pages\/662\/revisions"}],"wp:attachment":[{"href":"https:\/\/www.esae.fr\/index.php?rest_route=%2Fwp%2Fv2%2Fmedia&parent=662"}],"curies":[{"name":"wp","href":"https:\/\/api.w.org\/{rel}","templated":true}]}}