{"id":660,"date":"2026-04-13T14:28:24","date_gmt":"2026-04-13T14:28:24","guid":{"rendered":"http:\/\/esae.fr\/reglages-apn-pour-lanimation\/"},"modified":"2026-04-13T14:28:24","modified_gmt":"2026-04-13T14:28:24","slug":"reglages-apn-pour-lanimation","status":"publish","type":"page","link":"https:\/\/www.esae.fr\/videobox\/boite_a_outils_video\/reglages_apn_pour_lanimation.html","title":{"rendered":"Reglages Apn Pour Lanimation"},"content":{"rendered":"<div style=\"text-align: center; \">\n<div style=\"margin-bottom: 0px; margin-left: auto; margin-right: auto; margin-top: 0px; overflow: hidden; position: relative; word-wrap: break-word;  background: rgb(0, 0, 0); text-align: left; width: 700px; \" id=\"body_content\">\n<div style=\"margin-left: 0px; position: relative; width: 700px; z-index: 0; \" id=\"nav_layer\">\n<div style=\"height: 0px; line-height: 0px; \" class=\"bumper\"> <\/div>\n<div class=\"com-apple-iweb-widget-navbar flowDefining\" id=\"widget0\" style=\"margin-left: 35px; margin-top: 0px; opacity: 1.00; position: relative; width: 630px; z-index: 1; \">\n<div id=\"widget0-navbar\" class=\"navbar\">\n<div id=\"widget0-bg\" class=\"navbar-bg\">\n<ul id=\"widget0-navbar-list\" class=\"navbar-list\">\n<li><\/li>\n<\/ul>\n<\/div>\n<\/div><\/div>\n<p>          <script type=\"text\/javascript\"><!--\/\/--><![CDATA[\/\/><!--\nnew NavBar('widget0', 'Scripts\/Widgets\/Navbar', 'Scripts\/Widgets\/SharedResources', '.', {\"path-to-root\": \"\", \"navbar-css\": \".navbar {\\n\\tfont-family: Arial, sans-serif;\\n\\tfont-size: 1em;\\n\\tcolor: #A1A1A1;\\n\\tmargin: 9px 0px 6px 0px;\\n\\tline-height: 30px;\\n}\\n\\n.navbar-bg {\\n\\ttext-align: center;\\n}\\n\\n.navbar-bg ul {\\n\\tlist-style: none;\\n\\tmargin: 0px;\\n\\tpadding: 0px;\\n}\\n\\n\\nli {\\n\\tlist-style-type: none;\\n\\tdisplay: inline;\\n\\tpadding: 0px 10px 0px 10px;\\n}\\n\\n\\nli a {\\n\\ttext-decoration: none;\\n\\tcolor: #A1A1A1;\\n}\\n\\nli a:visited {\\n\\ttext-decoration: none;\\n\\tcolor: #A1A1A1;\\n}\\n\\n\\nli a:hover\\n{\\n\\ttext-decoration: none;\\n \\tcolor: #eee;\\n}\\n\\n\\nli.current-page a\\n{\\n\\ttext-decoration: none;\\n\\t color: #fff;\\n\\tfont-weight: bold;\\n\\n}\", \"current-page-GUID\": \"3E55E1A4-9E83-4630-9FA4-E4A510C5A240\", \"isCollectionPage\": \"NO\"});\n\/\/--><!]]><\/script><\/p>\n<div style=\"clear: both; height: 0px; line-height: 0px; \" class=\"spacer\"> <\/div>\n<\/p><\/div>\n<div style=\"height: 114px; margin-left: 0px; position: relative; width: 700px; z-index: 10; \" id=\"header_layer\">\n<div style=\"height: 0px; line-height: 0px; \" class=\"bumper\"> <\/div>\n<div style=\"height: 1px; width: 630px;  height: 1px; left: 35px; position: absolute; top: 3px; width: 630px; z-index: 1; \" class=\"tinyText\">\n<div style=\"position: relative; width: 630px; \">\n            <\/div>\n<\/p><\/div>\n<div id=\"id1\" style=\"height: 50px; left: 35px; position: absolute; top: 23px; width: 630px; z-index: 1; \" class=\"style_SkipStroke shape-with-text\">\n<div class=\"text-content style_External_630_50\" style=\"padding: 0px; \">\n<div class=\"style\"><\/div>\n<\/p><\/div>\n<\/p><\/div>\n<div id=\"id2\" style=\"height: 91px; left: 35px; position: absolute; top: 23px; width: 630px; z-index: 1; \" class=\"style_SkipStroke shape-with-text\">\n<div class=\"text-content style_External_630_91\" style=\"padding: 0px; \">\n<div class=\"style\">\n<p style=\"padding-bottom: 0pt; padding-top: 0pt; \" class=\"Header\">R\u00e9glages appareil photo num\u00e9rique pour l\u2019animation<\/p>\n<\/p><\/div>\n<\/p><\/div>\n<\/p><\/div>\n<\/p><\/div>\n<div style=\"margin-left: 0px; position: relative; width: 700px; z-index: 5; \" id=\"body_layer\">\n<div style=\"height: 0px; line-height: 0px; \" class=\"bumper\"> <\/div>\n<div id=\"id3\" style=\"height: 394px; left: 61px; position: absolute; top: 156px; width: 603px; z-index: 1; \" class=\"style_SkipStroke_1 shape-with-text\">\n<div class=\"text-content graphic_textbox_layout_style_default_External_603_394\" style=\"padding: 0px; \">\n<div class=\"graphic_textbox_layout_style_default\">\n<ol>\n<li style=\"line-height: 20px; padding-left: 50px; text-indent: -30px; \" class=\"full-width\" value=\"1\">\n<p style=\"padding-top: 0pt; text-indent: -30px; \" class=\"paragraph_style\"><span style=\"font-size: 15px; \" class=\"Puce\">1.<\/span><span style=\"width: 17px; \" class=\"inline-block\">&nbsp;<\/span>Nettet\u00e9 : Bloquer la mise au point et la bague de zoom avec de l\u2019adh\u00e9sif.<br class=\"bcnukro8ch6ntpqpa\"\/><\/p>\n<\/li>\n<\/ol>\n<p class=\"Body\"><br class=\"bcnukro8ch6ntpqpa\"\/><\/p>\n<ol>\n<li style=\"line-height: 20px; padding-left: 50px; text-indent: -30px; \" class=\"full-width\" value=\"2\">\n<p style=\"text-indent: -30px; \" class=\"paragraph_style\"><span style=\"font-size: 15px; \" class=\"Puce\">2.<\/span><span style=\"width: 17px; \" class=\"inline-block\">&nbsp;<\/span>Vitesse : Utilisez si possible une vitesse d\u2019obturation lente, 1\/15 s et moins.<br class=\"bcnukro8ch6ntpqpa\"\/><\/p>\n<\/li>\n<\/ol>\n<p class=\"Body\"><br class=\"bcnukro8ch6ntpqpa\"\/><\/p>\n<ol>\n<li style=\"line-height: 20px; padding-left: 50px; text-indent: -30px; \" class=\"full-width\" value=\"3\">\n<p style=\"text-indent: -30px; \" class=\"paragraph_style\"><span style=\"font-size: 15px; \" class=\"Puce\">3.<\/span><span style=\"width: 17px; \" class=\"inline-block\">&nbsp;<\/span>Ouverture : R\u00e9gler l\u2019ouverture autour de  f 5.6.<br class=\"bcnukro8ch6ntpqpa\"\/><\/p>\n<\/li>\n<\/ol>\n<p class=\"Body\"><br class=\"bcnukro8ch6ntpqpa\"\/><\/p>\n<ol>\n<li style=\"line-height: 20px; padding-left: 50px; text-indent: -30px; \" class=\"full-width\" value=\"4\">\n<p style=\"text-indent: -30px; \" class=\"paragraph_style\"><span style=\"font-size: 15px; \" class=\"Puce\">4.<\/span><span style=\"width: 17px; \" class=\"inline-block\">&nbsp;<\/span>Sensibilit\u00e9 : Bloquer la sensibilit\u00e9. Choisir une faible sensibilit\u00e9 g\u00e9n\u00e8re moins de bruit vid\u00e9o.<br class=\"bcnukro8ch6ntpqpa\"\/><\/p>\n<\/li>\n<\/ol>\n<p class=\"Body\"><br class=\"bcnukro8ch6ntpqpa\"\/><\/p>\n<ol>\n<li style=\"line-height: 20px; padding-left: 50px; text-indent: -30px; \" class=\"full-width\" value=\"5\">\n<p style=\"text-indent: -30px; \" class=\"paragraph_style\"><span style=\"font-size: 15px; \" class=\"Puce\">5.<\/span><span style=\"width: 17px; \" class=\"inline-block\">&nbsp;<\/span>Choisir une balance des blancs manuelle correspondant \u00e0 la source de lumi\u00e8re.<br class=\"bcnukro8ch6ntpqpa\"\/><\/p>\n<\/li>\n<\/ol>\n<p class=\"Body\"><br class=\"bcnukro8ch6ntpqpa\"\/><\/p>\n<ol>\n<li style=\"line-height: 20px; padding-left: 50px; text-indent: -30px; \" class=\"full-width\" value=\"6\">\n<p style=\"text-indent: -30px; \" class=\"paragraph_style\"><span style=\"font-size: 15px; \" class=\"Puce\">6.<\/span><span style=\"width: 17px; \" class=\"inline-block\">&nbsp;<\/span>Choix de la taille des images sur l\u2019appareil photo doit \u00eatre juste un peu sup\u00e9rieure au format vid\u00e9o. Par exemple pour un Nikon D50 vous avez le choix entre :<br class=\"bcnukro8ch6ntpqpa\"\/><\/p>\n<\/li>\n<\/ol>\n<p class=\"Body\">                                    3008 x 2000<br class=\"bcnukro8ch6ntpqpa\"\/><\/p>\n<p class=\"Body\">                                    2256 x 1496<br class=\"bcnukro8ch6ntpqpa\"\/><\/p>\n<p class=\"Body\">                                    1504 x 1000<br class=\"bcnukro8ch6ntpqpa\"\/><\/p>\n<p class=\"Body\">            Choisissez 2256 x 1496 qui est juste au dessus de 1920 x 1024.<br class=\"bcnukro8ch6ntpqpa\"\/><\/p>\n<p class=\"Body\"><br class=\"bcnukro8ch6ntpqpa\"\/><\/p>\n<p style=\"padding-bottom: 0pt; \" class=\"Body\">\n<\/p><\/div>\n<\/p><\/div>\n<\/p><\/div>\n<div id=\"id4\" style=\"height: 54px; left: 56px; position: absolute; top: 33px; width: 590px; z-index: 1; \" class=\"style_SkipStroke_1 shape-with-text\">\n<div class=\"text-content graphic_textbox_layout_style_default_External_590_54\" style=\"padding: 0px; \">\n<div class=\"graphic_textbox_layout_style_default\">\n<p style=\"padding-bottom: 0pt; padding-top: 0pt; \" class=\"paragraph_style_1\">Supprimer tous les automatismes<\/p>\n<\/p><\/div>\n<\/p><\/div>\n<\/p><\/div>\n<div style=\"height: 550px; line-height: 550px; \" class=\"spacer\"> <\/div>\n<\/p><\/div>\n<div style=\"height: 150px; margin-left: 0px; position: relative; width: 700px; z-index: 15; \" id=\"footer_layer\">\n<div style=\"height: 0px; line-height: 0px; \" class=\"bumper\"> <\/div>\n<\/p><\/div>\n<\/p><\/div>\n<\/p><\/div>\n","protected":false,"raw":""},"excerpt":{"rendered":"<p>R\u00e9glages appareil photo num\u00e9rique pour l\u2019animation 1.&nbsp;Nettet\u00e9 : Bloquer [&hellip;]<\/p>\n","protected":false},"author":0,"featured_media":0,"parent":0,"menu_order":0,"comment_status":"closed","ping_status":"closed","template":"template_7.php","meta":{"footnotes":""},"class_list":["post-660","page","type-page","status-publish","hentry"],"yoast_head":"<!-- This site is optimized with the Yoast SEO plugin v24.2 - https:\/\/yoast.com\/wordpress\/plugins\/seo\/ -->\n<title>R\u00e9glages APN pour l&#039;animation<\/title>\n<meta name=\"robots\" content=\"index, follow, max-snippet:-1, max-image-preview:large, max-video-preview:-1\" \/>\n<link rel=\"canonical\" href=\"https:\/\/www.esae.fr\/videobox\/boite_a_outils_video\/reglages_apn_pour_lanimation.html\" \/>\n<meta property=\"og:type\" content=\"article\" \/>\n<meta property=\"og:title\" content=\"R\u00e9glages APN pour l&#039;animation\" \/>\n<meta property=\"og:description\" content=\"R\u00e9glages appareil photo num\u00e9rique pour l\u2019animation 1.&nbsp;Nettet\u00e9 : Bloquer [&hellip;]\" \/>\n<meta property=\"og:url\" content=\"https:\/\/www.esae.fr\/videobox\/boite_a_outils_video\/reglages_apn_pour_lanimation.html\" \/>\n<meta property=\"og:site_name\" content=\"ESAL - 2021\" \/>\n<meta name=\"twitter:card\" content=\"summary_large_image\" \/>\n<meta name=\"twitter:label1\" content=\"Est. reading time\" \/>\n\t<meta name=\"twitter:data1\" content=\"1 minute\" \/>\n<!-- \/ Yoast SEO plugin. -->","yoast_head_json":{"title":"R\u00e9glages APN pour l'animation","robots":{"index":"index","follow":"follow","max-snippet":"max-snippet:-1","max-image-preview":"max-image-preview:large","max-video-preview":"max-video-preview:-1"},"canonical":"https:\/\/www.esae.fr\/videobox\/boite_a_outils_video\/reglages_apn_pour_lanimation.html","og_type":"article","og_title":"R\u00e9glages APN pour l'animation","og_description":"R\u00e9glages appareil photo num\u00e9rique pour l\u2019animation 1.&nbsp;Nettet\u00e9 : Bloquer [&hellip;]","og_url":"https:\/\/www.esae.fr\/videobox\/boite_a_outils_video\/reglages_apn_pour_lanimation.html","og_site_name":"ESAL - 2021","twitter_card":"summary_large_image","twitter_misc":{"Est. reading time":"1 minute"}},"_links":{"self":[{"href":"https:\/\/www.esae.fr\/index.php?rest_route=\/wp\/v2\/pages\/660","targetHints":{"allow":["GET"]}}],"collection":[{"href":"https:\/\/www.esae.fr\/index.php?rest_route=\/wp\/v2\/pages"}],"about":[{"href":"https:\/\/www.esae.fr\/index.php?rest_route=\/wp\/v2\/types\/page"}],"replies":[{"embeddable":true,"href":"https:\/\/www.esae.fr\/index.php?rest_route=%2Fwp%2Fv2%2Fcomments&post=660"}],"version-history":[{"count":0,"href":"https:\/\/www.esae.fr\/index.php?rest_route=\/wp\/v2\/pages\/660\/revisions"}],"wp:attachment":[{"href":"https:\/\/www.esae.fr\/index.php?rest_route=%2Fwp%2Fv2%2Fmedia&parent=660"}],"curies":[{"name":"wp","href":"https:\/\/api.w.org\/{rel}","templated":true}]}}