{"id":649,"date":"2026-04-13T14:28:22","date_gmt":"2026-04-13T14:28:22","guid":{"rendered":"http:\/\/esae.fr\/exp-fcp7\/"},"modified":"2026-04-13T14:28:22","modified_gmt":"2026-04-13T14:28:22","slug":"exp-fcp7","status":"publish","type":"page","link":"https:\/\/www.esae.fr\/videobox\/boite_a_outils_video\/exp_fcp7.html","title":{"rendered":"Exp Fcp7"},"content":{"rendered":"<div style=\"text-align: center; \">\n<div style=\"margin-bottom: 0px; margin-left: auto; margin-right: auto; margin-top: 0px; overflow: hidden; position: relative; word-wrap: break-word;  background: rgb(0, 0, 0); text-align: left; width: 700px; \" id=\"body_content\">\n<div style=\"margin-left: 0px; position: relative; width: 700px; z-index: 0; \" id=\"nav_layer\">\n<div style=\"height: 0px; line-height: 0px; \" class=\"bumper\"> <\/div>\n<div class=\"com-apple-iweb-widget-navbar flowDefining\" id=\"widget0\" style=\"margin-left: 35px; margin-top: 0px; opacity: 1.00; position: relative; width: 630px; z-index: 1; \">\n<div id=\"widget0-navbar\" class=\"navbar\">\n<div id=\"widget0-bg\" class=\"navbar-bg\">\n<ul id=\"widget0-navbar-list\" class=\"navbar-list\">\n<li><\/li>\n<\/ul>\n<\/div>\n<\/div><\/div>\n<p>          <script type=\"text\/javascript\"><!--\/\/--><![CDATA[\/\/><!--\nnew NavBar('widget0', 'Scripts\/Widgets\/Navbar', 'Scripts\/Widgets\/SharedResources', '.', {\"path-to-root\": \"\", \"navbar-css\": \".navbar {\\n\\tfont-family: Arial, sans-serif;\\n\\tfont-size: 1em;\\n\\tcolor: #A1A1A1;\\n\\tmargin: 9px 0px 6px 0px;\\n\\tline-height: 30px;\\n}\\n\\n.navbar-bg {\\n\\ttext-align: center;\\n}\\n\\n.navbar-bg ul {\\n\\tlist-style: none;\\n\\tmargin: 0px;\\n\\tpadding: 0px;\\n}\\n\\n\\nli {\\n\\tlist-style-type: none;\\n\\tdisplay: inline;\\n\\tpadding: 0px 10px 0px 10px;\\n}\\n\\n\\nli a {\\n\\ttext-decoration: none;\\n\\tcolor: #A1A1A1;\\n}\\n\\nli a:visited {\\n\\ttext-decoration: none;\\n\\tcolor: #A1A1A1;\\n}\\n\\n\\nli a:hover\\n{\\n\\ttext-decoration: none;\\n \\tcolor: #eee;\\n}\\n\\n\\nli.current-page a\\n{\\n\\ttext-decoration: none;\\n\\t color: #fff;\\n\\tfont-weight: bold;\\n\\n}\", \"current-page-GUID\": \"8E58538C-DC7D-4594-AC35-5D5D3251628D\", \"isCollectionPage\": \"NO\"});\n\/\/--><!]]><\/script><\/p>\n<div style=\"clear: both; height: 0px; line-height: 0px; \" class=\"spacer\"> <\/div>\n<\/p><\/div>\n<div style=\"height: 73px; margin-left: 0px; position: relative; width: 700px; z-index: 10; \" id=\"header_layer\">\n<div style=\"height: 0px; line-height: 0px; \" class=\"bumper\"> <\/div>\n<div id=\"id1\" style=\"height: 50px; left: 35px; position: absolute; top: 23px; width: 630px; z-index: 1; \" class=\"style_SkipStroke shape-with-text\">\n<div class=\"text-content style_External_630_50\" style=\"padding: 0px; \">\n<div class=\"style\">\n<p style=\"padding-bottom: 0pt; padding-top: 0pt; \" class=\"Header\">Exportation depuis Final Cut Pro 7<\/p>\n<\/p><\/div>\n<\/p><\/div>\n<\/p><\/div>\n<div style=\"height: 1px; width: 630px;  height: 1px; left: 35px; position: absolute; top: 83px; width: 630px; z-index: 1; \" class=\"tinyText\">\n<div style=\"position: relative; width: 630px; \">\n            <\/div>\n<\/p><\/div>\n<\/p><\/div>\n<div style=\"margin-left: 0px; position: relative; width: 700px; z-index: 5; \" id=\"body_layer\">\n<div style=\"height: 0px; line-height: 0px; \" class=\"bumper\"> <\/div>\n<div id=\"id2\" style=\"height: 235px; left: 34px; position: absolute; top: 110px; width: 633px; z-index: 1; \" class=\"style_SkipStroke_1 shape-with-text\">\n<div class=\"text-content graphic_textbox_layout_style_default_External_633_235\" style=\"padding: 0px; \">\n<div class=\"graphic_textbox_layout_style_default\">\n<p style=\"padding-top: 0pt; \" class=\"paragraph_style\"><span class=\"style_1\"><br class=\"bcnukro8ch6ntpqpa\"\/><\/span><\/p>\n<ol>\n<li style=\"line-height: 25px; padding-left: 50px; text-indent: -30px; \" class=\"full-width\" value=\"1\">\n<p style=\"text-indent: -30px; \" class=\"paragraph_style_1\"><span style=\"font-size: 18px; position: relative; top: 0px; \" class=\"Puce\">1.<\/span><span style=\"width: 15px; \" class=\"inline-block\">&nbsp;<\/span>Master<span class=\"style_1\"><br class=\"bcnukro8ch6ntpqpa\"\/><\/span><\/p>\n<\/li>\n<\/ol>\n<p class=\"paragraph_style\"><span class=\"style_1\"><br class=\"bcnukro8ch6ntpqpa\"\/><\/span><\/p>\n<p class=\"paragraph_style_2\"><span class=\"style_1\">Exporter au m\u00eame format que la s\u00e9quence<br class=\"bcnukro8ch6ntpqpa\"\/><\/span><\/p>\n<p class=\"paragraph_style_2\"><span class=\"style_1\">        Cliquez : Fichier &gt; Exporter &gt; S\u00e9quence Quicktime&#8230;<br class=\"bcnukro8ch6ntpqpa\"\/><\/span><\/p>\n<p class=\"paragraph_style_2\"><span class=\"style_1\"><br class=\"bcnukro8ch6ntpqpa\"\/><\/span><\/p>\n<p class=\"paragraph_style_2\"><span class=\"style_1\">Laisser le param\u00e8tre r\u00e9glage sur \u00ab r\u00e9glages actuels \u00bb<br class=\"bcnukro8ch6ntpqpa\"\/><\/span><\/p>\n<p class=\"paragraph_style_2\"><span class=\"style_1\"><br class=\"bcnukro8ch6ntpqpa\"\/><\/span><\/p>\n<p style=\"padding-bottom: 0pt; \" class=\"paragraph_style_2\"><span class=\"style_1\">Enregistrer<\/span><\/p>\n<\/p><\/div>\n<\/p><\/div>\n<\/p><\/div>\n<div style=\"height: 296px; width: 564px;  height: 296px; left: 68px; position: absolute; top: 400px; width: 564px; z-index: 1; \" class=\"tinyText reflection_0\">\n<div style=\"position: relative; width: 564px; \">\n            <\/div>\n<\/p><\/div>\n<div id=\"id3\" style=\"height: 149px; left: 54px; position: absolute; top: 810px; width: 633px; z-index: 1; \" class=\"style_SkipStroke_1 shape-with-text\">\n<div class=\"text-content graphic_textbox_layout_style_default_External_633_149\" style=\"padding: 0px; \">\n<div class=\"graphic_textbox_layout_style_default\">\n<ol>\n<li style=\"line-height: 25px; padding-left: 50px; text-indent: -30px; \" class=\"full-width\" value=\"2\">\n<p style=\"padding-top: 0pt; text-indent: -30px; \" class=\"paragraph_style_3\"><span style=\"font-size: 18px; position: relative; top: 0px; \" class=\"Puce\">2.<\/span><span style=\"width: 15px; \" class=\"inline-block\">&nbsp;<\/span><span class=\"style_1\">Diffusion<br class=\"bcnukro8ch6ntpqpa\"\/><\/span><\/p>\n<\/li>\n<\/ol>\n<p class=\"paragraph_style\"><span class=\"style_1\"><br class=\"bcnukro8ch6ntpqpa\"\/><\/span><\/p>\n<p class=\"paragraph_style_2\"><span class=\"style_1\">Exporter au m\u00eame format que la s\u00e9quence<br class=\"bcnukro8ch6ntpqpa\"\/><\/span><\/p>\n<p class=\"paragraph_style_2\"><span class=\"style_1\">            Cliquez : Fichier &gt; Exporter &gt; S\u00e9quence Quicktime&#8230;<br class=\"bcnukro8ch6ntpqpa\"\/><\/span><\/p>\n<p class=\"paragraph_style_2\"><span class=\"style_1\"><br class=\"bcnukro8ch6ntpqpa\"\/><\/span><\/p>\n<p style=\"padding-bottom: 0pt; \" class=\"paragraph_style_2\"><span class=\"style_1\">S\u00e9lectionner le param\u00e8tre r\u00e9glage \u00ab Personnalis\u00e9 \u00bb<\/span><\/p>\n<\/p><\/div>\n<\/p><\/div>\n<\/p><\/div>\n<div style=\"height: 296px; width: 564px;  height: 296px; left: 59px; position: absolute; top: 1004px; width: 564px; z-index: 1; \" class=\"tinyText reflection_1\">\n<div style=\"position: relative; width: 564px; \">\n            <\/div>\n<\/p><\/div>\n<div id=\"id4\" style=\"height: 65px; left: 34px; position: absolute; top: 2120px; width: 633px; z-index: 1; \" class=\"style_SkipStroke_1 shape-with-text\">\n<div class=\"text-content graphic_textbox_layout_style_default_External_633_65\" style=\"padding: 0px; \">\n<div class=\"graphic_textbox_layout_style_default\">\n<p style=\"padding-top: 0pt; \" class=\"paragraph_style\"><span class=\"style_1\"><br class=\"bcnukro8ch6ntpqpa\"\/><\/span><\/p>\n<ol>\n<li style=\"line-height: 20px; padding-left: 45px; text-indent: -25px; \" class=\"full-width\" value=\"5\">\n<p style=\"padding-bottom: 0pt; text-indent: -25px; \" class=\"paragraph_style_4\"><span style=\"font-size: 15px; \" class=\"Puce\">e.<\/span><span style=\"width: 12px; \" class=\"inline-block\">&nbsp;<\/span><span class=\"style_1\">Limiter le d\u00e9bit \u00e0 15000 ko\/s<\/span><\/p>\n<\/li>\n<\/ol><\/div>\n<\/p><\/div>\n<\/p><\/div>\n<div id=\"id5\" style=\"height: 119px; left: 34px; position: absolute; top: 1382px; width: 633px; z-index: 1; \" class=\"style_SkipStroke_1 shape-with-text\">\n<div class=\"text-content graphic_textbox_layout_style_default_External_633_119\" style=\"padding: 0px; \">\n<div class=\"graphic_textbox_layout_style_default\">\n<p style=\"padding-top: 0pt; \" class=\"paragraph_style_5\"><span class=\"style_1\"><br class=\"bcnukro8ch6ntpqpa\"\/><\/span><\/p>\n<ol>\n<li style=\"line-height: 20px; padding-left: 45px; text-indent: -25px; \" class=\"full-width\" value=\"1\">\n<p style=\"text-indent: -25px; \" class=\"paragraph_style_6\"><span style=\"font-size: 15px; \" class=\"Puce\">a.<\/span><span style=\"width: 12px; \" class=\"inline-block\">&nbsp;<\/span><span class=\"style_1\">Exporter au m\u00eame format que la s\u00e9quence<br class=\"bcnukro8ch6ntpqpa\"\/><\/span><\/p>\n<\/li>\n<li style=\"line-height: 20px; padding-left: 45px; text-indent: -25px; \" class=\"full-width\" value=\"2\">\n<p style=\"text-indent: -25px; \" class=\"paragraph_style_6\"><span style=\"font-size: 15px; \" class=\"Puce\">b.<\/span><span style=\"width: 12px; \" class=\"inline-block\">&nbsp;<\/span><span class=\"style_1\">Cliquez : Fichier &gt; Exporter &gt; S\u00e9quence Quicktime&#8230;<br class=\"bcnukro8ch6ntpqpa\"\/><\/span><\/p>\n<\/li>\n<li style=\"line-height: 20px; padding-left: 45px; text-indent: -25px; \" class=\"full-width\" value=\"3\">\n<p style=\"text-indent: -25px; \" class=\"paragraph_style_6\"><span style=\"font-size: 15px; \" class=\"Puce\">c.<\/span><span style=\"width: 13px; \" class=\"inline-block\">&nbsp;<\/span><span class=\"style_1\">S\u00e9lectionner le param\u00e8tre r\u00e9glage \u00ab Personnalis\u00e9 \u00bb<br class=\"bcnukro8ch6ntpqpa\"\/><\/span><\/p>\n<\/li>\n<li style=\"line-height: 20px; padding-left: 45px; text-indent: -25px; \" class=\"full-width\" value=\"4\">\n<p style=\"padding-bottom: 0pt; text-indent: -25px; \" class=\"paragraph_style_6\"><span style=\"font-size: 15px; \" class=\"Puce\">d.<\/span><span style=\"width: 12px; \" class=\"inline-block\">&nbsp;<\/span><span class=\"style_1\">S\u00e9lectionner \u00ab H264 \u00bb puis cliquer sur \u00ab avanc\u00e9s \u00bb<\/span><\/p>\n<\/li>\n<\/ol><\/div>\n<\/p><\/div>\n<\/p><\/div>\n<div style=\"height: 452px; width: 577px;  height: 452px; left: 52px; position: absolute; top: 1581px; width: 577px; z-index: 1; \" class=\"tinyText reflection_2\">\n<div style=\"position: relative; width: 577px; \">\n            <\/div>\n<\/p><\/div>\n<div style=\"height: 439px; width: 565px;  height: 439px; left: 58px; position: absolute; top: 2259px; width: 565px; z-index: 1; \" class=\"tinyText reflection_2\">\n<div style=\"position: relative; width: 565px; \">\n            <\/div>\n<\/p><\/div>\n<div style=\"height: 375px; width: 37px;  height: 374px; left: 203px; position: absolute; top: 1507px; width: 25px; z-index: 1; \" class=\"tinyText\">\n<div style=\"position: relative; width: 25px; \">\n            <\/div>\n<\/p><\/div>\n<div style=\"height: 428px; width: 130px;  height: 427px; left: 248px; position: absolute; top: 1505px; width: 122px; z-index: 1; \" class=\"tinyText\">\n<div style=\"position: relative; width: 122px; \">\n            <\/div>\n<\/p><\/div>\n<div style=\"height: 203px; width: 60px;  height: 201px; left: 190px; position: absolute; top: 2184px; width: 51px; z-index: 1; \" class=\"tinyText\">\n<div style=\"position: relative; width: 51px; \">\n            <\/div>\n<\/p><\/div>\n<div style=\"height: 175px; width: 56px;  height: 174px; left: 234px; position: absolute; top: 953px; width: 48px; z-index: 1; \" class=\"tinyText\">\n<div style=\"position: relative; width: 48px; \">\n            <\/div>\n<\/p><\/div>\n<div style=\"height: 240px; width: 57px;  height: 238px; left: 254px; position: absolute; top: 293px; width: 48px; z-index: 1; \" class=\"tinyText\">\n<div style=\"position: relative; width: 48px; \">\n            <\/div>\n<\/p><\/div>\n<div id=\"id6\" style=\"height: 65px; left: 34px; position: absolute; top: 2760px; width: 633px; z-index: 1; \" class=\"style_SkipStroke_1 shape-with-text\">\n<div class=\"text-content graphic_textbox_layout_style_default_External_633_65\" style=\"padding: 0px; \">\n<div class=\"graphic_textbox_layout_style_default\">\n<p style=\"padding-top: 0pt; \" class=\"paragraph_style\"><span class=\"style_1\"><br class=\"bcnukro8ch6ntpqpa\"\/><\/span><\/p>\n<ol>\n<li style=\"line-height: 20px; padding-left: 45px; text-indent: -25px; \" class=\"full-width\" value=\"6\">\n<p style=\"padding-bottom: 0pt; text-indent: -25px; \" class=\"paragraph_style_7\"><span style=\"font-size: 15px; \" class=\"Puce\">f.<\/span><span style=\"width: 17px; \" class=\"inline-block\">&nbsp;<\/span><span class=\"style_1\">Valider, exporter<\/span><\/p>\n<\/li>\n<\/ol><\/div>\n<\/p><\/div>\n<\/p><\/div>\n<div id=\"id7\" style=\"height: 41px; left: 30px; position: absolute; top: 43px; width: 636px; z-index: 1; \" class=\"style_SkipStroke_1 shape-with-text\">\n<div class=\"text-content graphic_textbox_layout_style_default_External_636_41\" style=\"padding: 0px; \">\n<div class=\"graphic_textbox_layout_style_default\">\n<p style=\"padding-bottom: 0pt; padding-top: 0pt; \" class=\"paragraph_style_8\">Pensez \u00e0 mettre 5 secondes de noir \u00e0 la fin de votre film<\/p>\n<\/p><\/div>\n<\/p><\/div>\n<\/p><\/div>\n<div style=\"height: 2825px; line-height: 2825px; \" class=\"spacer\"> <\/div>\n<\/p><\/div>\n<div style=\"height: 150px; margin-left: 0px; position: relative; width: 700px; z-index: 15; \" id=\"footer_layer\">\n<div style=\"height: 0px; line-height: 0px; \" class=\"bumper\"> <\/div>\n<\/p><\/div>\n<\/p><\/div>\n<\/p><\/div>\n","protected":false,"raw":""},"excerpt":{"rendered":"<p>Exportation depuis Final Cut Pro 7 1.&nbsp;Master Exporter au [&hellip;]<\/p>\n","protected":false},"author":0,"featured_media":0,"parent":0,"menu_order":0,"comment_status":"closed","ping_status":"closed","template":"template_7.php","meta":{"footnotes":""},"class_list":["post-649","page","type-page","status-publish","hentry"],"yoast_head":"<!-- This site is optimized with the Yoast SEO plugin v24.2 - https:\/\/yoast.com\/wordpress\/plugins\/seo\/ -->\n<title>Exportation depuis Final Cut Pro 7<\/title>\n<meta name=\"robots\" content=\"index, follow, max-snippet:-1, max-image-preview:large, max-video-preview:-1\" \/>\n<link rel=\"canonical\" href=\"https:\/\/www.esae.fr\/videobox\/boite_a_outils_video\/exp_fcp7.html\" \/>\n<meta property=\"og:type\" content=\"article\" \/>\n<meta property=\"og:title\" content=\"Exportation depuis Final Cut Pro 7\" \/>\n<meta property=\"og:description\" content=\"Exportation depuis Final Cut Pro 7 1.&nbsp;Master Exporter au [&hellip;]\" \/>\n<meta property=\"og:url\" content=\"https:\/\/www.esae.fr\/videobox\/boite_a_outils_video\/exp_fcp7.html\" \/>\n<meta property=\"og:site_name\" content=\"ESAL - 2021\" \/>\n<meta name=\"twitter:card\" content=\"summary_large_image\" \/>\n<meta name=\"twitter:label1\" content=\"Est. reading time\" \/>\n\t<meta name=\"twitter:data1\" content=\"1 minute\" \/>\n<!-- \/ Yoast SEO plugin. -->","yoast_head_json":{"title":"Exportation depuis Final Cut Pro 7","robots":{"index":"index","follow":"follow","max-snippet":"max-snippet:-1","max-image-preview":"max-image-preview:large","max-video-preview":"max-video-preview:-1"},"canonical":"https:\/\/www.esae.fr\/videobox\/boite_a_outils_video\/exp_fcp7.html","og_type":"article","og_title":"Exportation depuis Final Cut Pro 7","og_description":"Exportation depuis Final Cut Pro 7 1.&nbsp;Master Exporter au [&hellip;]","og_url":"https:\/\/www.esae.fr\/videobox\/boite_a_outils_video\/exp_fcp7.html","og_site_name":"ESAL - 2021","twitter_card":"summary_large_image","twitter_misc":{"Est. reading time":"1 minute"}},"_links":{"self":[{"href":"https:\/\/www.esae.fr\/index.php?rest_route=\/wp\/v2\/pages\/649","targetHints":{"allow":["GET"]}}],"collection":[{"href":"https:\/\/www.esae.fr\/index.php?rest_route=\/wp\/v2\/pages"}],"about":[{"href":"https:\/\/www.esae.fr\/index.php?rest_route=\/wp\/v2\/types\/page"}],"replies":[{"embeddable":true,"href":"https:\/\/www.esae.fr\/index.php?rest_route=%2Fwp%2Fv2%2Fcomments&post=649"}],"version-history":[{"count":0,"href":"https:\/\/www.esae.fr\/index.php?rest_route=\/wp\/v2\/pages\/649\/revisions"}],"wp:attachment":[{"href":"https:\/\/www.esae.fr\/index.php?rest_route=%2Fwp%2Fv2%2Fmedia&parent=649"}],"curies":[{"name":"wp","href":"https:\/\/api.w.org\/{rel}","templated":true}]}}