{"id":648,"date":"2026-04-13T14:28:22","date_gmt":"2026-04-13T14:28:22","guid":{"rendered":"http:\/\/esae.fr\/disque-dur\/"},"modified":"2026-04-13T14:28:22","modified_gmt":"2026-04-13T14:28:22","slug":"disque-dur","status":"publish","type":"page","link":"https:\/\/www.esae.fr\/videobox\/boite_a_outils_video\/disque_dur.html","title":{"rendered":"Disque Dur"},"content":{"rendered":"<div style=\"text-align: center; \">\n<div style=\"margin-bottom: 0px; margin-left: auto; margin-right: auto; margin-top: 0px; overflow: hidden; position: relative; word-wrap: break-word;  background: rgb(0, 0, 0); text-align: left; width: 700px; \" id=\"body_content\">\n<div style=\"margin-left: 0px; position: relative; width: 700px; z-index: 0; \" id=\"nav_layer\">\n<div style=\"height: 0px; line-height: 0px; \" class=\"bumper\"> <\/div>\n<div class=\"com-apple-iweb-widget-navbar flowDefining\" id=\"widget0\" style=\"margin-left: 35px; margin-top: 0px; opacity: 1.00; position: relative; width: 630px; z-index: 1; \">\n<div id=\"widget0-navbar\" class=\"navbar\">\n<div id=\"widget0-bg\" class=\"navbar-bg\">\n<ul id=\"widget0-navbar-list\" class=\"navbar-list\">\n<li><\/li>\n<\/ul>\n<\/div>\n<\/div><\/div>\n<p>          <script type=\"text\/javascript\"><!--\/\/--><![CDATA[\/\/><!--\nnew NavBar('widget0', 'Scripts\/Widgets\/Navbar', 'Scripts\/Widgets\/SharedResources', '.', {\"path-to-root\": \"\", \"navbar-css\": \".navbar {\\n\\tfont-family: Arial, sans-serif;\\n\\tfont-size: 1em;\\n\\tcolor: #A1A1A1;\\n\\tmargin: 9px 0px 6px 0px;\\n\\tline-height: 30px;\\n}\\n\\n.navbar-bg {\\n\\ttext-align: center;\\n}\\n\\n.navbar-bg ul {\\n\\tlist-style: none;\\n\\tmargin: 0px;\\n\\tpadding: 0px;\\n}\\n\\n\\nli {\\n\\tlist-style-type: none;\\n\\tdisplay: inline;\\n\\tpadding: 0px 10px 0px 10px;\\n}\\n\\n\\nli a {\\n\\ttext-decoration: none;\\n\\tcolor: #A1A1A1;\\n}\\n\\nli a:visited {\\n\\ttext-decoration: none;\\n\\tcolor: #A1A1A1;\\n}\\n\\n\\nli a:hover\\n{\\n\\ttext-decoration: none;\\n \\tcolor: #eee;\\n}\\n\\n\\nli.current-page a\\n{\\n\\ttext-decoration: none;\\n\\t color: #fff;\\n\\tfont-weight: bold;\\n\\n}\", \"current-page-GUID\": \"91C60473-66E2-4B5B-90C4-865B395168E2\", \"isCollectionPage\": \"NO\"});\n\/\/--><!]]><\/script><\/p>\n<div style=\"clear: both; height: 0px; line-height: 0px; \" class=\"spacer\"> <\/div>\n<\/p><\/div>\n<div style=\"height: 73px; margin-left: 0px; position: relative; width: 700px; z-index: 10; \" id=\"header_layer\">\n<div style=\"height: 0px; line-height: 0px; \" class=\"bumper\"> <\/div>\n<div style=\"height: 1px; width: 630px;  height: 1px; left: 35px; position: absolute; top: 3px; width: 630px; z-index: 1; \" class=\"tinyText\">\n<div style=\"position: relative; width: 630px; \">\n            <\/div>\n<\/p><\/div>\n<div id=\"id1\" style=\"height: 50px; left: 35px; position: absolute; top: 23px; width: 630px; z-index: 1; \" class=\"style_SkipStroke shape-with-text\">\n<div class=\"text-content style_External_630_50\" style=\"padding: 0px; \">\n<div class=\"style\"><\/div>\n<\/p><\/div>\n<\/p><\/div>\n<div id=\"id2\" style=\"height: 50px; left: 35px; position: absolute; top: 23px; width: 630px; z-index: 1; \" class=\"style_SkipStroke shape-with-text\">\n<div class=\"text-content style_External_630_50\" style=\"padding: 0px; \">\n<div class=\"style\">\n<p style=\"padding-bottom: 0pt; padding-top: 0pt; \" class=\"Header\">Disque dur<\/p>\n<\/p><\/div>\n<\/p><\/div>\n<\/p><\/div>\n<\/p><\/div>\n<div style=\"margin-left: 0px; position: relative; width: 700px; z-index: 5; \" id=\"body_layer\">\n<div style=\"height: 0px; line-height: 0px; \" class=\"bumper\"> <\/div>\n<div id=\"id3\" style=\"height: 306px; left: 56px; position: absolute; top: 219px; width: 587px; z-index: 1; \" class=\"style_SkipStroke_1 shape-with-text\">\n<div class=\"text-content graphic_textbox_layout_style_default_External_587_306\" style=\"padding: 0px; \">\n<div class=\"graphic_textbox_layout_style_default\">\n<p style=\"padding-top: 0pt; \" class=\"paragraph_style\">Choix du disque dur<br class=\"bcnukro8ch6ntpqpa\"\/><\/p>\n<p class=\"paragraph_style\"><br class=\"bcnukro8ch6ntpqpa\"\/><\/p>\n<ol>\n<li style=\"line-height: 20px; padding-left: 18px; text-indent: -18px; \" class=\"full-width\" value=\"1\">\n<p style=\"text-indent: -18px; \" class=\"paragraph_style_1\"><span style=\"font-size: 15px; \" class=\"Puce\">1.<\/span><span style=\"width: 5px; \" class=\"inline-block\">&nbsp;<\/span>Capacit\u00e9 : 5OO Go mini.<br class=\"bcnukro8ch6ntpqpa\"\/><\/p>\n<\/li>\n<\/ol>\n<p class=\"Body\"><br class=\"bcnukro8ch6ntpqpa\"\/><\/p>\n<ol>\n<li style=\"line-height: 20px; padding-left: 18px; text-indent: -18px; \" class=\"full-width\" value=\"2\">\n<p style=\"text-indent: -18px; \" class=\"paragraph_style_1\"><span style=\"font-size: 15px; \" class=\"Puce\">2.<\/span><span style=\"width: 5px; \" class=\"inline-block\">&nbsp;<\/span>Interface : USB2, USB3, Fire Wire 400, Fire Wire 800.  La solution id\u00e9ale  est de choisir un disque dur combinant plusieurs interfaces (Fire wire 800 et USB par exemple)<br class=\"bcnukro8ch6ntpqpa\"\/><\/p>\n<\/li>\n<\/ol>\n<p class=\"Body\"><br class=\"bcnukro8ch6ntpqpa\"\/><\/p>\n<ol>\n<li style=\"line-height: 20px; padding-left: 18px; text-indent: -18px; \" class=\"full-width\" value=\"3\">\n<p style=\"text-indent: -18px; \" class=\"paragraph_style_1\"><span style=\"font-size: 15px; \" class=\"Puce\">3.<\/span><span style=\"width: 5px; \" class=\"inline-block\">&nbsp;<\/span>Formatage : Il est tr\u00e8s important de formater vos disques durs de fa\u00e7on \u00e0 pouvoir les brancher, \u00e0 la fois, \u00e0 votre ordinateur et aux ordinateurs de l\u2019\u00e9cole.<br class=\"bcnukro8ch6ntpqpa\"\/><\/p>\n<\/li>\n<\/ol>\n<p class=\"Body\"><br class=\"bcnukro8ch6ntpqpa\"\/><\/p>\n<ol>\n<li style=\"line-height: 20px; padding-left: 18px; text-indent: -18px; \" class=\"full-width\" value=\"4\">\n<p style=\"padding-bottom: 0pt; text-indent: -18px; \" class=\"paragraph_style_1\"><span style=\"font-size: 15px; \" class=\"Puce\">4.<\/span><span style=\"width: 5px; \" class=\"inline-block\">&nbsp;<\/span>Pr\u00e9f\u00e9rez des disques auto-aliment\u00e9s.<\/p>\n<\/li>\n<\/ol><\/div>\n<\/p><\/div>\n<\/p><\/div>\n<div id=\"id4\" style=\"height: 155px; left: 55px; position: absolute; top: 28px; width: 590px; z-index: 1; \" class=\"style_SkipStroke_1 shape-with-text\">\n<div class=\"text-content graphic_textbox_layout_style_default_External_590_155\" style=\"padding: 0px; \">\n<div class=\"graphic_textbox_layout_style_default\">\n<p style=\"padding-top: 0pt; \" class=\"paragraph_style_2\"><span style=\"line-height: 25px; \" class=\"style_1\">Les ordinateurs de l\u2019\u00e9cole permettent de travailler; mais ne sont pas des espaces de stockage. Vos fichiers peuvent \u00eatre supprim\u00e9s \u00e0 tout moments en raison d\u2019une maladresse. <br class=\"bcnukro8ch6ntpqpa\"\/><\/span><\/p>\n<p class=\"paragraph_style_2\"><span style=\"line-height: 25px; \" class=\"style_2\"><br class=\"bcnukro8ch6ntpqpa\"\/><\/span><\/p>\n<p class=\"paragraph_style_3\"><span style=\"line-height: 25px; \" class=\"style_2\">Travaillez et sauvegardez vos fichiers sur vos disques<br class=\"bcnukro8ch6ntpqpa\"\/><\/span><\/p>\n<\/p><\/div>\n<\/p><\/div>\n<\/p><\/div>\n<div id=\"id5\" style=\"height: 100px; left: 300px; position: absolute; top: 607px; width: 100px; z-index: 1; \" class=\"style_SkipStroke_1 shape-with-text\">\n<div class=\"text-content graphic_textbox_layout_style_default_External_100_100\" style=\"padding: 0px; \">\n<div class=\"graphic_textbox_layout_style_default\"><\/div>\n<\/p><\/div>\n<\/p><\/div>\n<div id=\"id6\" style=\"height: 100px; left: 170px; position: absolute; top: 947px; width: 100px; z-index: 1; \" class=\"style_SkipStroke_1 shape-with-text\">\n<div class=\"text-content graphic_textbox_layout_style_default_External_100_100\" style=\"padding: 0px; \">\n<div class=\"graphic_textbox_layout_style_default\"><\/div>\n<\/p><\/div>\n<\/p><\/div>\n<div style=\"height: 185px; width: 451px;  height: 185px; left: 114px; position: absolute; top: 551px; width: 451px; z-index: 1; \" class=\"tinyText reflection_0\">\n<div style=\"position: relative; width: 451px; \">\n            <\/div>\n<\/p><\/div>\n<div id=\"id7\" style=\"height: 100px; left: 300px; position: absolute; top: 1407px; width: 100px; z-index: 1; \" class=\"style_SkipStroke_1 shape-with-text\">\n<div class=\"text-content graphic_textbox_layout_style_default_External_100_100\" style=\"padding: 0px; \">\n<div class=\"graphic_textbox_layout_style_default\"><\/div>\n<\/p><\/div>\n<\/p><\/div>\n<div id=\"id9\" style=\"height: 100px; left: 300px; position: absolute; top: 562px; width: 100px; z-index: 1; \" class=\"style_SkipStroke_1 shape-with-text\">\n<div class=\"text-content graphic_textbox_layout_style_default_External_100_100\" style=\"padding: 0px; \">\n<div class=\"graphic_textbox_layout_style_default\">\n<div class=\"paragraph Body\" style=\"padding-bottom: 0pt; padding-top: 0pt; \">\n<div id=\"id8\" style=\"height: 92px; position: relative; width: 92px; \" class=\"style_SkipStroke_1 shape-with-text inline-block\">\n<div class=\"text-content graphic_textbox_layout_style_default_External_92_92\" style=\"padding: 0px; \">\n<div class=\"graphic_textbox_layout_style_default\"><\/div>\n<\/div>\n<\/div>\n<\/div><\/div>\n<div style=\"clear: both; height: 0px; line-height: 0px; \" class=\"tinyText\"> <\/div>\n<\/p><\/div>\n<\/p><\/div>\n<div id=\"id10\" style=\"height: 346px; left: 59px; position: absolute; top: 840px; width: 506px; z-index: 1; \" class=\"style_SkipStroke_1 shape-with-text\">\n<div class=\"text-content graphic_textbox_layout_style_default_External_506_346\" style=\"padding: 0px; \">\n<div class=\"graphic_textbox_layout_style_default\">\n<p style=\"padding-top: 0pt; \" class=\"paragraph_style\">Formatage compatible Mac\/PC Windows <br class=\"bcnukro8ch6ntpqpa\"\/><\/p>\n<p class=\"paragraph_style\"><br class=\"bcnukro8ch6ntpqpa\"\/><\/p>\n<p class=\"Body\">Si vous utilisez un PC windows vous avez deux solutions : <br class=\"bcnukro8ch6ntpqpa\"\/><\/p>\n<p class=\"Body\"><br class=\"bcnukro8ch6ntpqpa\"\/><\/p>\n<ol>\n<li style=\"line-height: 20px; padding-left: 50px; text-indent: -30px; \" class=\"full-width\" value=\"1\">\n<p style=\"text-indent: -30px; \" class=\"paragraph_style_4\"><span style=\"font-size: 15px; \" class=\"Puce\">1.<\/span><span style=\"width: 17px; \" class=\"inline-block\">&nbsp;<\/span>Formater le disque dur en \u00abMac os \u00e9tendu (journalis\u00e9)\u00bb et installer dans votre PC l\u2019utilitaire \u00abMacDrive\u00bb(Payant). Cet utilitaire permet de lire des disques format\u00e9s mac OS sur un PC. C\u2019est, de mon point de vue la meilleure solution parce qu\u2019elle pr\u00e9serve les taux de transf\u00e8re.<br class=\"bcnukro8ch6ntpqpa\"\/><\/p>\n<\/li>\n<\/ol>\n<p class=\"Body\"><br class=\"bcnukro8ch6ntpqpa\"\/><\/p>\n<ol>\n<li style=\"line-height: 20px; padding-left: 50px; text-indent: -30px; \" class=\"full-width\" value=\"2\">\n<p style=\"text-indent: -30px; \" class=\"paragraph_style_4\"><span style=\"font-size: 15px; \" class=\"Puce\">2.<\/span><span style=\"width: 17px; \" class=\"inline-block\">&nbsp;<\/span>Formater en \u00abFat 32\u00bb compatible Mac et PC. Cette solution ralenti consid\u00e9rablement la vitesse de transf\u00e8re et limite la taille des fichiers.<br class=\"bcnukro8ch6ntpqpa\"\/><\/p>\n<\/li>\n<\/ol>\n<p class=\"Body\"><br class=\"bcnukro8ch6ntpqpa\"\/><\/p>\n<p class=\"Body\"><br class=\"bcnukro8ch6ntpqpa\"\/><\/p>\n<p style=\"padding-bottom: 0pt; \" class=\"paragraph_style\">Les cl\u00e9s USB peuvent rester en \u00abFat 32\u00bb<\/p>\n<\/p><\/div>\n<\/p><\/div>\n<\/p><\/div>\n<div style=\"height: 1507px; line-height: 1507px; \" class=\"spacer\"> <\/div>\n<\/p><\/div>\n<div style=\"height: 150px; margin-left: 0px; position: relative; width: 700px; z-index: 15; \" id=\"footer_layer\">\n<div style=\"height: 0px; line-height: 0px; \" class=\"bumper\"> <\/div>\n<\/p><\/div>\n<\/p><\/div>\n<\/p><\/div>\n","protected":false,"raw":""},"excerpt":{"rendered":"<p>Disque dur Choix du disque dur 1.&nbsp;Capacit\u00e9 : 5OO [&hellip;]<\/p>\n","protected":false},"author":0,"featured_media":0,"parent":0,"menu_order":0,"comment_status":"closed","ping_status":"closed","template":"template_7.php","meta":{"footnotes":""},"class_list":["post-648","page","type-page","status-publish","hentry"],"yoast_head":"<!-- This site is optimized with the Yoast SEO plugin v24.2 - https:\/\/yoast.com\/wordpress\/plugins\/seo\/ -->\n<title>Disque dur<\/title>\n<meta name=\"robots\" content=\"index, follow, max-snippet:-1, max-image-preview:large, max-video-preview:-1\" \/>\n<link rel=\"canonical\" href=\"https:\/\/www.esae.fr\/videobox\/boite_a_outils_video\/disque_dur.html\" \/>\n<meta property=\"og:type\" content=\"article\" \/>\n<meta property=\"og:title\" content=\"Disque dur\" \/>\n<meta property=\"og:description\" content=\"Disque dur Choix du disque dur 1.&nbsp;Capacit\u00e9 : 5OO [&hellip;]\" \/>\n<meta property=\"og:url\" content=\"https:\/\/www.esae.fr\/videobox\/boite_a_outils_video\/disque_dur.html\" \/>\n<meta property=\"og:site_name\" content=\"ESAL - 2021\" \/>\n<meta name=\"twitter:card\" content=\"summary_large_image\" \/>\n<meta name=\"twitter:label1\" content=\"Est. reading time\" \/>\n\t<meta name=\"twitter:data1\" content=\"1 minute\" \/>\n<!-- \/ Yoast SEO plugin. -->","yoast_head_json":{"title":"Disque dur","robots":{"index":"index","follow":"follow","max-snippet":"max-snippet:-1","max-image-preview":"max-image-preview:large","max-video-preview":"max-video-preview:-1"},"canonical":"https:\/\/www.esae.fr\/videobox\/boite_a_outils_video\/disque_dur.html","og_type":"article","og_title":"Disque dur","og_description":"Disque dur Choix du disque dur 1.&nbsp;Capacit\u00e9 : 5OO [&hellip;]","og_url":"https:\/\/www.esae.fr\/videobox\/boite_a_outils_video\/disque_dur.html","og_site_name":"ESAL - 2021","twitter_card":"summary_large_image","twitter_misc":{"Est. reading time":"1 minute"}},"_links":{"self":[{"href":"https:\/\/www.esae.fr\/index.php?rest_route=\/wp\/v2\/pages\/648","targetHints":{"allow":["GET"]}}],"collection":[{"href":"https:\/\/www.esae.fr\/index.php?rest_route=\/wp\/v2\/pages"}],"about":[{"href":"https:\/\/www.esae.fr\/index.php?rest_route=\/wp\/v2\/types\/page"}],"replies":[{"embeddable":true,"href":"https:\/\/www.esae.fr\/index.php?rest_route=%2Fwp%2Fv2%2Fcomments&post=648"}],"version-history":[{"count":0,"href":"https:\/\/www.esae.fr\/index.php?rest_route=\/wp\/v2\/pages\/648\/revisions"}],"wp:attachment":[{"href":"https:\/\/www.esae.fr\/index.php?rest_route=%2Fwp%2Fv2%2Fmedia&parent=648"}],"curies":[{"name":"wp","href":"https:\/\/api.w.org\/{rel}","templated":true}]}}