{"id":5,"date":"2026-04-13T14:26:28","date_gmt":"2026-04-13T14:26:28","guid":{"rendered":"http:\/\/esae.fr\/viagra-france-prix-pharmacie\/"},"modified":"2026-04-13T14:26:28","modified_gmt":"2026-04-13T14:26:28","slug":"viagra-france-prix-pharmacie","status":"publish","type":"page","link":"https:\/\/www.esae.fr\/actualites\/le_viagra_homeopathique.html","title":{"rendered":"Viagra france prix pharmacie"},"content":{"rendered":"<table width=\"970\" border=\"0\" align=\"center\" cellpadding=\"0\" cellspacing=\"0\">\n<tr background=\"https:\/\/www.esae.fr\/files\/images\/fond23.jpg\">\n<td width=\"30\"><img loading=\"lazy\" decoding=\"async\" src=\"https:\/\/www.esae.fr\/files\/images\/_blank.gif\" width=\"30\" height=\"100\"\/><\/td>\n<td width=\"321\"><a href=\"https:\/\/www.esae.fr\/index_php.html\"><img loading=\"lazy\" decoding=\"async\" src=\"https:\/\/www.esae.fr\/files\/images\/header_contenu.png\" width=\"320\" height=\"178\" border=\"0\"\/><\/a><\/td>\n<td width=\"619\" valign=\"bottom\">\n<div id=\"smoothmenu1\" class=\"ddsmoothmenu\">\n<ul>\n<li><a href=\"https:\/\/www.esae.fr\"><img decoding=\"async\" src=\"https:\/\/www.esae.fr\/files\/images\/menu_barre_01.png\"\/><\/a><\/li>\n<li><a href=\"https:\/\/www.esae.fr\"><img decoding=\"async\" src=\"https:\/\/www.esae.fr\/files\/images\/menu_barre_02.gif\"\/><\/a>\n<ul>\n<li><a href=\"https:\/\/www.esae.fr\">&#8211; &Eacute;quipe p&eacute;dagogique<\/a><\/li>\n<li><a href=\"https:\/\/www.esae.fr\">Viagra en allemagne<\/a><\/li>\n<li><a href=\"https:\/\/www.esae.fr\">Maca viagra naturel avis<\/a><\/li>\n<li><a href=\"https:\/\/www.esae.fr\">Vrai viagra foru<\/a><\/li>\n<li><a href=\"https:\/\/www.esae.fr\">Histoire drole de viagra<\/a><\/li>\n<li><a href=\"https:\/\/www.esae.fr\">Le viagra est-il en vente libre<\/a><\/li>\n<li><a href=\"https:\/\/www.esae.fr\">Vive le viagra<\/a><\/li>\n<li><a href=\"https:\/\/www.esae.fr\">Viagra risques cardiaques<\/a><\/li>\n<li><a href=\"https:\/\/www.esae.fr\">Cialis acheter forum<\/a><\/li>\n<li><a href=\"https:\/\/www.esae.fr\">Finasteride matin ou soir<\/a><\/li>\n<li><a href=\"https:\/\/www.esae.fr\">Acheter viagra pas cher<\/a><\/li>\n<li><a href=\"https:\/\/www.esae.fr\">Acheter cialis belgique<\/a><\/li>\n<li><a href=\"https:\/\/www.esae.fr\">Cialis ordonnance<\/a><\/li>\n<li><a href=\"https:\/\/www.esae.fr\">Achat viagra pfizer<\/a><\/li>\n<li><a href=\"https:\/\/www.esae.fr\">Sitemap<\/a><\/li>\n<li><a href=\"https:\/\/www.esae.fr\">&#8211; Les intervenants<\/a><\/li>\n<li><a href=\"https:\/\/www.esae.fr\">&#8211; Projet de l&#8217;&eacute;cole<\/a><\/li>\n<li><a href=\"https:\/\/www.esae.fr\">&#8211; Les enseignements<\/a><\/li>\n<li><a href=\"https:\/\/www.esae.fr\">&#8211; Les perspectives&#8230; <\/a><\/li>\n<li><a href=\"https:\/\/www.esae.fr\">&#8211; Pr&eacute;cis de cours (en construction)<\/a><\/li>\n<li><a href=\"https:\/\/www.esae.fr\">&#8211; Calendrier pr&eacute;visionnel<\/a><\/li>\n<li><a href=\"https:\/\/www.esae.fr\">&#8211; Ateliers p&eacute;riscolaires<\/a><\/li>\n<\/ul>\n<\/li>\n<li><a href=\"https:\/\/www.esae.fr\"><img decoding=\"async\" src=\"https:\/\/www.esae.fr\/files\/images\/menu_barre_03.png\"\/><\/a>\n<ul>\n<li><a href=\"https:\/\/www.esae.fr\">&#8211; &Eacute;ditions<\/a><\/li>\n<li><a href=\"https:\/\/www.esae.fr\">&#8211; Design graphique<\/a><\/li>\n<li><a href=\"https:\/\/www.esae.fr\">&#8211; Image mouvement<\/a><\/li>\n<li><a href=\"https:\/\/www.esae.fr\">&#8211; Animations<\/a><\/li>\n<li><a href=\"https:\/\/www.esae.fr\">&#8211; Multim&eacute;dia<\/a><\/li>\n<li><a href=\"https:\/\/www.esae.fr\">&#8211; Design-mouvement <\/a><\/li>\n<li><a href=\"https:\/\/www.esae.fr\">&#8211; Photographie<\/a><\/li>\n<li><a href=\"https:\/\/www.esae.fr\/images_actu-evenementiel.html\">&#8211; &Eacute;v&eacute;nementiel<\/a><\/li>\n<li><a href=\"https:\/\/www.esae.fr\">&#8211; Le Bureau du Dessin<\/a><\/li>\n<li><a href=\"https:\/\/www.esae.fr\">&#8211; Les projets DNAT<\/a><\/li>\n<\/ul>\n<\/li>\n<li><a href=\"https:\/\/www.esae.fr\"><img decoding=\"async\" src=\"https:\/\/www.esae.fr\/files\/images\/menu_barre_04.png\"\/><\/a>\n<ul>\n<li><a href=\"https:\/\/www.esae.fr\">&#8211; Blogs des &eacute;tudiants<\/a><\/li>\n<li><a href=\"https:\/\/www.esae.fr\" target=\"_blank\">&#8211; La bo&icirc;te &agrave; outils<\/a><\/li>\n<li><a href=\"https:\/\/www.facebook.com\/groups\/107749590637\/\" target=\"_blank\">&#8211; <img loading=\"lazy\" decoding=\"async\" src=\"https:\/\/www.esae.fr\/files\/images\/facebook.png\" width=\"12\" height=\"12\" border=\"0\"\/> Facebook <\/a> <\/li>\n<\/ul>\n<\/li>\n<li><a href=\"https:\/\/www.esae.fr\"><img decoding=\"async\" src=\"https:\/\/www.esae.fr\/files\/images\/menu_barre_05.png\"\/><\/a>\n<ul>\n<li><a href=\"https:\/\/www.esae.fr\">&#8211; Calendrier&#8230;<\/a><\/li>\n<li><a href=\"https:\/\/www.esae.fr\">&#8211; Int&eacute;grer la 1&egrave;re ann&eacute;e<\/a> <\/li>\n<li><a href=\"https:\/\/www.esae.fr\">&#8211; Commission d&#8217;&eacute;quivalence<\/a> <\/li>\n<li><a href=\"http:\/\/www.etudiant-epinal.com\/\" target=\"_blank\">&#8211; La vie &eacute;tudiante (AGSU)<\/a><\/li>\n<\/ul>\n<\/li>\n<\/ul>\n<\/div>\n<\/td>\n<\/tr>\n<tr>\n<td colspan=\"3\" bgcolor=\"#FFFFFF\">\n<table width=\"910\" border=\"0\" align=\"center\" cellpadding=\"0\" cellspacing=\"0\">\n<tr>\n<td width=\"162\"><a href=\"javascript:history.back()\" data-onmouseout=\"MM_swapImgRestore()\" data-onmouseover=\"MM_swapImage('Image22','','images\/_retour2.gif',1)\"><img loading=\"lazy\" decoding=\"async\" src=\"https:\/\/www.esae.fr\/files\/images\/_retour.gif\" name=\"Image22\" width=\"100\" height=\"75\" border=\"0\" class=\"_filetV\" id=\"Image22\"\/><\/a><a href=\"https:\/\/www.esae.fr\" data-onmouseout=\"MM_swapImgRestore()\" data-onmouseover=\"MM_swapImage('Image21','','images\/_arrow_blueL2.gif',1)\"><img loading=\"lazy\" decoding=\"async\" src=\"https:\/\/www.esae.fr\/files\/images\/_arrow_bluel.gif\" name=\"Image21\" width=\"25\" height=\"75\" border=\"0\" class=\"_filetV\" id=\"Image21\"\/><\/a><a href=\"https:\/\/www.esae.fr\" data-onmouseout=\"MM_swapImgRestore()\" data-onmouseover=\"MM_swapImage('Image20','','images\/_arrow_blueR2.gif',1)\"><img loading=\"lazy\" decoding=\"async\" src=\"https:\/\/www.esae.fr\/files\/images\/_arrow_bluer.gif\" name=\"Image20\" width=\"25\" height=\"75\" border=\"0\" class=\"_filetV\" id=\"Image20\"\/><\/a><\/td>\n<td width=\"156\" valign=\"bottom\" align=\"right\"><span class=\"s-titre_actu\">&nbsp;<\/span><\/td>\n<td width=\"592\" valign=\"bottom\">\n<h1><span class=\"titre_actu\">Viagra france prix pharmacie<\/span><\/h1>\n<\/td>\n<\/tr>\n<\/table>\n<table width=\"910\" border=\"0\" align=\"center\" cellpadding=\"0\" cellspacing=\"0\">\n<tr>\n<td class=\"habillage_articles\">\n<p class=\"bcnukro8ch6ntpqpa\">D\u00e9courager l&#8217;utilisation excessive de boissons alcoolis\u00e9es et le tabac. Avoir toutes les dents effet de viagra femme pointues et les proth\u00e8ses dentaires mal ajust\u00e9es corrig\u00e9es. Prenez historique complet tous les patients. \u00c9tablir un ensemble de proc\u00e9dures examen de routine. Biopsie tous les tissus pr\u00e9lev\u00e9s lors de l&#8217;op\u00e9ration.<\/p>\n<p class=\"bcnukro8ch6ntpqpa\">Regard leucoplasie chez les personnes \u00e2g\u00e9es comme une affection pr\u00e9canc\u00e9reuse.<\/p>\n<p class=\"bcnukro8ch6ntpqpa\">Coop\u00e9rer avec veur coll\u00e8gues dans le diagnostic de tous Chaque m\u00e9decin de famille tenu lui-m\u00eame constituent la premi\u00e8re ligne de d\u00e9fense de ses des familles Combien de la maladie de traitement de la v\u00e9sicule biliaire un examen m\u00e9dical, et combien un chirurgicale, la mati\u00e8re, Si, malgr\u00e9 le strict respect d&#8217;un des r\u00e9gimes m\u00e9dicaux sympt\u00f4mes persistent, et r\u00e9p\u00e9t\u00e9es drainages duod\u00e9naux Voir les cristaux, le traitement temps d&#8217;action du viagra chirurgical indiqu\u00e9. Chol\u00e9cystite caus\u00e9 les anormales de sels biliaires et la concentration de calcium sera tr\u00e8s probablement n\u00e9cessiter une intervention chirurgicale. Un patient doit chol\u00e9cystite aigu\u00eb dans un h\u00f4pital. Si les sympt\u00f4mes diminuent pas rapidement ou medicament viagra il ya des signes d&#8217;irritation p\u00e9riton\u00e9ale, r\u00e9gime de gestion surgery.Medical, sels biliaires et des m\u00e9dicaments pour le soulagement symptomatique.<\/p>\n<h2>Le viagra homeopathique<\/h2>\n<h2>Pharmacie francaise en ligne viagra<\/h2>\n<p class=\"bcnukro8ch6ntpqpa\">La vieille r\u00e8gle d&#8217;un r\u00e9gime faible en gras a \u00e9t\u00e9 remplac\u00e9 la graisse de l&#8217;utilisation comme indiqu\u00e9 l&#8217;effet de la graisse sur les sympt\u00f4mes.<\/p>\n<p class=\"bcnukro8ch6ntpqpa\"><i>recherche sur le viagra<\/i> Fat qui fond \u00e0 la temp\u00e9rature du corps, plus facilement absorb\u00e9e et \u00e9mulsionn\u00e9. Ainsi graisses v\u00e9g\u00e9tales sont facilement digestibles et le beurre, la cr\u00e8me et les \u0153ufs sont mieux tol\u00e9r\u00e9s que les graisses de viande.<\/p>\n<p class=\"bcnukro8ch6ntpqpa\">Taurocholate cialis tachycardie de sodium et de l&#8217;extrait sont oxyd\u00e9s oxbile sels biliaires conjugu\u00e9s naturels. Bilron un exemple un sel biliaire naturel contenant du fer. Ketochol repr\u00e9sente une pr\u00e9paration oxyd\u00e9, non conjugu\u00e9e acide biliaire. Decholin un sel biliaire conjugu\u00e9 oxyd\u00e9. Si seulement une action de chasse les acides biliaires n\u00e9cessaires, sels biliaires non conjugu\u00e9 si une augmentation de la concentration des sels de Biles souhait\u00e9, viagra remboursement ss puis les non oxyd\u00e9s sels biliaires conjugu\u00e9s.<\/p>\n<p class=\"bcnukro8ch6ntpqpa\">Si les sels biliaires solubles perturbent l&#8217;estomac, les sels c&#8217;est quoi le levitra biliaires conjugu\u00e9s non oxyd\u00e9s de fer qui sont insolubles en milieu acide doivent administr\u00e9e.<\/p>\n<p class=\"bcnukro8ch6ntpqpa\">Si les sels biliaires soulager les sympt\u00f4mes qu&#8217;ils ont une place dans le traitement non-calculeuse maladie de la v\u00e9sicule biliaire. L&#8217;histoire et les radiographies sont les deux moyens les plus importants dont le diagnostic effectu\u00e9. viagra fibrillation auriculaire Drainage duod\u00e9nal n\u00e9cessaire dans de nombreux cas d\u00e9terminer la stase de pr\u00e9sence. La graisse de quantit\u00e9 utilis\u00e9e d\u00e9pendra principalement de son La th\u00e9rapie de sel biliaire s\u00e9lection d\u00e9pend du type de d\u00e9rangement de la v\u00e9sicule biliaire. Sels biliaires non conjugu\u00e9s oxyd\u00e9es sont sugg\u00e9r\u00e9es pour le rin\u00e7age. Les sels biliaires conjugu\u00e9s naturelle non oxyd\u00e9s sont recommand\u00e9s pour une bile concentr\u00e9e.\n <\/p>\n<\/td>\n<\/tr>\n<\/table>\n<\/td>\n<\/tr>\n<tr>\n<td colspan=\"3\">\n<table width=\"970\" border=\"0\" cellpadding=\"0\" cellspacing=\"0\">\n<tr>\n<td width=\"30\" rowspan=\"2\" bgcolor=\"#13110F\"><img loading=\"lazy\" decoding=\"async\" src=\"https:\/\/www.esae.fr\/files\/images\/_blank.gif\" width=\"30\" height=\"100\"><\/td>\n<td width=\"145\" valign=\"top\" bgcolor=\"#13110F\"><img loading=\"lazy\" decoding=\"async\" src=\"https:\/\/www.esae.fr\/files\/images\/_blank.gif\" width=\"100\" height=\"20\"\/><br class=\"bcnukro8ch6ntpqpa\"\/><br \/>\n          <a href=\"https:\/\/www.facebook.com\/groups\/107749590637\/\" target=\"_blank\"><img loading=\"lazy\" decoding=\"async\" src=\"https:\/\/www.esae.fr\/files\/images\/facebook.png\" width=\"16\" height=\"16\" border=\"0\"\/><\/a>\n    <\/td>\n<td width=\"145\" valign=\"bottom\" bgcolor=\"#13110F\" align=\"right\"><span class=\"txt_actu_blanc\">ESAL &#8211; &Eacute;pinal<\/span><\/td>\n<td width=\"30\" rowspan=\"2\" bgcolor=\"#13110F\"><img loading=\"lazy\" decoding=\"async\" src=\"https:\/\/www.esae.fr\/files\/images\/_blank.gif\" width=\"30\" height=\"100\"><\/td>\n<td width=\"620\" rowspan=\"2\" valign=\"top\" bgcolor=\"#4B4B4B\"><img loading=\"lazy\" decoding=\"async\" src=\"https:\/\/www.esae.fr\/files\/images\/_blank.gif\" width=\"620\" height=\"100\"\/><\/td>\n<\/tr>\n<tr>\n<td colspan=\"2\" align=\"right\" valign=\"top\" bgcolor=\"#13110F\"><span class=\"txt_actu_blanc\">15, rue des Jardiniers<br class=\"bcnukro8ch6ntpqpa\"\/><br \/>\n88000 &Eacute;PINAL<br class=\"bcnukro8ch6ntpqpa\"\/><br \/>\n<br class=\"bcnukro8ch6ntpqpa\"\/><br \/>\nT&eacute;l : 03 29 68 50 66 <br class=\"bcnukro8ch6ntpqpa\"\/><br \/>\ncontact : epinal@esalorraine.fr<\/span><br class=\"bcnukro8ch6ntpqpa\"\/><br \/>\n<img loading=\"lazy\" decoding=\"async\" src=\"https:\/\/www.esae.fr\/files\/images\/logos.png\" width=\"211\" height=\"90\" border=\"0\"\/><\/td>\n<\/tr>\n<\/table>\n<\/td>\n<\/tr>\n<\/table>\n<p class=\"bcnukro8ch6ntpqpa\">&nbsp;<\/p>\n","protected":false,"raw":""},"excerpt":{"rendered":"<p>&#8211; &Eacute;quipe p&eacute;dagogique Viagra en allemagne Maca viagra naturel [&hellip;]<\/p>\n","protected":false},"author":0,"featured_media":0,"parent":0,"menu_order":0,"comment_status":"closed","ping_status":"closed","template":"template_3.php","meta":{"footnotes":""},"class_list":["post-5","page","type-page","status-publish","hentry"],"yoast_head":"<!-- This site is optimized with the Yoast SEO plugin v24.2 - https:\/\/yoast.com\/wordpress\/plugins\/seo\/ -->\n<title>Le viagra homeopathique, pharmacie francaise en ligne viagra, viagra france prix pharmacie<\/title>\n<meta name=\"description\" content=\"Solution pas cher pour les hommes qui souffrent de troubles de l&#039;\u00e9rection est d&#039;acheter des pilules sans prescription en ligne. Il est recommand\u00e9 apr\u00e8s une \u00e9valuation m\u00e9dicale appropri\u00e9e vasculaire, hormonal et d&#039;autres fonctions li\u00e9es \u00e0 la maladie.\" \/>\n<meta name=\"robots\" content=\"index, follow, max-snippet:-1, max-image-preview:large, max-video-preview:-1\" \/>\n<link rel=\"canonical\" href=\"https:\/\/www.esae.fr\/actualites\/le_viagra_homeopathique.html\" \/>\n<meta property=\"og:type\" content=\"article\" \/>\n<meta property=\"og:title\" content=\"Le viagra homeopathique, pharmacie francaise en ligne viagra, viagra france prix pharmacie\" \/>\n<meta property=\"og:description\" content=\"Solution pas cher pour les hommes qui souffrent de troubles de l&#039;\u00e9rection est d&#039;acheter des pilules sans prescription en ligne. Il est recommand\u00e9 apr\u00e8s une \u00e9valuation m\u00e9dicale appropri\u00e9e vasculaire, hormonal et d&#039;autres fonctions li\u00e9es \u00e0 la maladie.\" \/>\n<meta property=\"og:url\" content=\"https:\/\/www.esae.fr\/actualites\/le_viagra_homeopathique.html\" \/>\n<meta property=\"og:site_name\" content=\"ESAL - 2021\" \/>\n<meta name=\"twitter:card\" content=\"summary_large_image\" \/>\n<meta name=\"twitter:label1\" content=\"Est. reading time\" \/>\n\t<meta name=\"twitter:data1\" content=\"4 minutes\" \/>\n<!-- \/ Yoast SEO plugin. -->","yoast_head_json":{"title":"Le viagra homeopathique, pharmacie francaise en ligne viagra, viagra france prix pharmacie","description":"Solution pas cher pour les hommes qui souffrent de troubles de l'\u00e9rection est d'acheter des pilules sans prescription en ligne. Il est recommand\u00e9 apr\u00e8s une \u00e9valuation m\u00e9dicale appropri\u00e9e vasculaire, hormonal et d'autres fonctions li\u00e9es \u00e0 la maladie.","robots":{"index":"index","follow":"follow","max-snippet":"max-snippet:-1","max-image-preview":"max-image-preview:large","max-video-preview":"max-video-preview:-1"},"canonical":"https:\/\/www.esae.fr\/actualites\/le_viagra_homeopathique.html","og_type":"article","og_title":"Le viagra homeopathique, pharmacie francaise en ligne viagra, viagra france prix pharmacie","og_description":"Solution pas cher pour les hommes qui souffrent de troubles de l'\u00e9rection est d'acheter des pilules sans prescription en ligne. Il est recommand\u00e9 apr\u00e8s une \u00e9valuation m\u00e9dicale appropri\u00e9e vasculaire, hormonal et d'autres fonctions li\u00e9es \u00e0 la maladie.","og_url":"https:\/\/www.esae.fr\/actualites\/le_viagra_homeopathique.html","og_site_name":"ESAL - 2021","twitter_card":"summary_large_image","twitter_misc":{"Est. reading time":"4 minutes"}},"_links":{"self":[{"href":"https:\/\/www.esae.fr\/index.php?rest_route=\/wp\/v2\/pages\/5","targetHints":{"allow":["GET"]}}],"collection":[{"href":"https:\/\/www.esae.fr\/index.php?rest_route=\/wp\/v2\/pages"}],"about":[{"href":"https:\/\/www.esae.fr\/index.php?rest_route=\/wp\/v2\/types\/page"}],"replies":[{"embeddable":true,"href":"https:\/\/www.esae.fr\/index.php?rest_route=%2Fwp%2Fv2%2Fcomments&post=5"}],"version-history":[{"count":0,"href":"https:\/\/www.esae.fr\/index.php?rest_route=\/wp\/v2\/pages\/5\/revisions"}],"wp:attachment":[{"href":"https:\/\/www.esae.fr\/index.php?rest_route=%2Fwp%2Fv2%2Fmedia&parent=5"}],"curies":[{"name":"wp","href":"https:\/\/api.w.org\/{rel}","templated":true}]}}