{"id":2,"date":"2026-04-13T14:26:27","date_gmt":"2026-04-13T14:26:27","guid":{"rendered":"http:\/\/esae.fr\/angouleme\/"},"modified":"2026-04-13T14:26:27","modified_gmt":"2026-04-13T14:26:27","slug":"angouleme","status":"publish","type":"page","link":"https:\/\/www.esae.fr\/actualites\/2016\/angouleme.html","title":{"rendered":"Angouleme"},"content":{"rendered":"<div class=\"wrapper\">\n<table width=\"800\" border=\"0\" align=\"center\" cellpadding=\"0\" cellspacing=\"0\">\n<tr>\n<td width=\"201\"><span class=\"titre_actu\">&nbsp;<\/span><\/td>\n<td width=\"40\">&nbsp;<\/td>\n<td width=\"559\" valign=\"bottom\"><span class=\"titre_actu\">L&#8217;ESAL au 43\u00e8 festival international de la bande dessin\u00e9e d&#8217;Angoul\u00eame.<br class=\"bcnukro8ch6ntpqpa\"\/><br \/>\nDU 28 AU 31 JANVIER 2016<br class=\"bcnukro8ch6ntpqpa\"\/><br \/>\n<\/span><a href=\"http:\/\/www.bdangouleme.com\/\" target=\"_blank\"><span class=\"txt_actu_ital\">&rarr; Acc\u00e8s au site<br \/>\n      officiel<\/span><\/a><\/td>\n<\/tr>\n<\/table>\n<p class=\"bcnukro8ch6ntpqpa\">&nbsp;<\/p>\n<p class=\"s-titre_actu\">\n<p class=\"s-titre_actu\"><img loading=\"lazy\" decoding=\"async\" src=\"https:\/\/www.esae.fr\/files\/actualites\/2016\/angouleme\/image002.jpg\" width=\"800\" height=\"1208\"\/><\/p>\n<p class=\"s-titre_actu\">\n<p class=\"s-titre_actu\"><img loading=\"lazy\" decoding=\"async\" src=\"https:\/\/www.esae.fr\/files\/actualites\/2016\/angouleme\/image004.jpg\" width=\"800\" height=\"530\"\/><\/p>\n<p class=\"s-titre_actu\"><img loading=\"lazy\" decoding=\"async\" src=\"https:\/\/www.esae.fr\/files\/actualites\/2016\/angouleme\/image005.jpg\" width=\"800\" height=\"530\"\/><\/p>\n<p class=\"s-titre_actu\">\n<p class=\"s-titre_actu\">\n<p class=\"s-titre_actu\"><img loading=\"lazy\" decoding=\"async\" src=\"https:\/\/www.esae.fr\/files\/actualites\/2016\/angouleme\/image008.jpg\" width=\"800\" height=\"530\"\/><\/p>\n<p class=\"s-titre_actu\"><img loading=\"lazy\" decoding=\"async\" src=\"https:\/\/www.esae.fr\/files\/actualites\/2016\/angouleme\/image009.jpg\" width=\"800\" height=\"530\"\/><\/p>\n<p class=\"s-titre_actu\">\n<p class=\"s-titre_actu\">\n<\/div>\n","protected":false,"raw":""},"excerpt":{"rendered":"<p>&nbsp; &nbsp; L&#8217;ESAL au 43\u00e8 festival international de la [&hellip;]<\/p>\n","protected":false},"author":0,"featured_media":0,"parent":0,"menu_order":0,"comment_status":"closed","ping_status":"closed","template":"template_2.php","meta":{"footnotes":""},"class_list":["post-2","page","type-page","status-publish","hentry"],"yoast_head":"<!-- This site is optimized with the Yoast SEO plugin v24.2 - https:\/\/yoast.com\/wordpress\/plugins\/seo\/ -->\n<title>FESTIVAL | ANGOUL&Ecirc;ME 2016<\/title>\n<meta name=\"robots\" content=\"index, follow, max-snippet:-1, max-image-preview:large, max-video-preview:-1\" \/>\n<link rel=\"canonical\" href=\"https:\/\/www.esae.fr\/actualites\/2016\/angouleme.html\" \/>\n<meta property=\"og:type\" content=\"article\" \/>\n<meta property=\"og:title\" content=\"FESTIVAL | ANGOUL&Ecirc;ME 2016\" \/>\n<meta property=\"og:description\" content=\"&nbsp; &nbsp; L&#8217;ESAL au 43\u00e8 festival international de la [&hellip;]\" \/>\n<meta property=\"og:url\" content=\"https:\/\/www.esae.fr\/actualites\/2016\/angouleme.html\" \/>\n<meta property=\"og:site_name\" content=\"ESAL - 2021\" \/>\n<meta name=\"twitter:card\" content=\"summary_large_image\" \/>\n<!-- \/ Yoast SEO plugin. -->","yoast_head_json":{"title":"FESTIVAL | ANGOUL&Ecirc;ME 2016","robots":{"index":"index","follow":"follow","max-snippet":"max-snippet:-1","max-image-preview":"max-image-preview:large","max-video-preview":"max-video-preview:-1"},"canonical":"https:\/\/www.esae.fr\/actualites\/2016\/angouleme.html","og_type":"article","og_title":"FESTIVAL | ANGOUL&Ecirc;ME 2016","og_description":"&nbsp; &nbsp; L&#8217;ESAL au 43\u00e8 festival international de la [&hellip;]","og_url":"https:\/\/www.esae.fr\/actualites\/2016\/angouleme.html","og_site_name":"ESAL - 2021","twitter_card":"summary_large_image"},"_links":{"self":[{"href":"https:\/\/www.esae.fr\/index.php?rest_route=\/wp\/v2\/pages\/2","targetHints":{"allow":["GET"]}}],"collection":[{"href":"https:\/\/www.esae.fr\/index.php?rest_route=\/wp\/v2\/pages"}],"about":[{"href":"https:\/\/www.esae.fr\/index.php?rest_route=\/wp\/v2\/types\/page"}],"replies":[{"embeddable":true,"href":"https:\/\/www.esae.fr\/index.php?rest_route=%2Fwp%2Fv2%2Fcomments&post=2"}],"version-history":[{"count":0,"href":"https:\/\/www.esae.fr\/index.php?rest_route=\/wp\/v2\/pages\/2\/revisions"}],"wp:attachment":[{"href":"https:\/\/www.esae.fr\/index.php?rest_route=%2Fwp%2Fv2%2Fmedia&parent=2"}],"curies":[{"name":"wp","href":"https:\/\/api.w.org\/{rel}","templated":true}]}}